{"id":9733,"date":"2022-01-11T21:31:06","date_gmt":"2022-01-11T21:31:06","guid":{"rendered":"http:\/\/dibapart.net\/?page_id=9733"},"modified":"2022-01-30T08:16:39","modified_gmt":"2022-01-30T08:16:39","slug":"control-units-switches-and-relays","status":"publish","type":"page","link":"https:\/\/dibapart.net\/de\/control-units-switches-and-relays\/","title":{"rendered":"Steuerger\u00e4te Schalter und Relais"},"content":{"rendered":"<div data-elementor-type=\"wp-page\" data-elementor-id=\"9733\" class=\"elementor elementor-9733\">\n\t\t\t\t\t\t<div class=\"elementor-inner\">\n\t\t\t\t<div class=\"elementor-section-wrap\">\n\t\t\t\t\t\t\t\t\t<section class=\"elementor-section elementor-top-section elementor-element elementor-element-d62ac02 elementor-section-full_width elementor-section-stretched elementor-section-height-default elementor-section-height-default\" data-id=\"d62ac02\" data-element_type=\"section\" data-settings=\"{&quot;stretch_section&quot;:&quot;section-stretched&quot;,&quot;_ha_eqh_enable&quot;:false}\">\n\t\t\t\t\t\t<div class=\"elementor-container elementor-column-gap-default\">\n\t\t\t\t\t\t\t<div class=\"elementor-row\">\n\t\t\t\t\t<div class=\"elementor-column elementor-col-100 elementor-top-column elementor-element elementor-element-2b1336f\" data-id=\"2b1336f\" data-element_type=\"column\">\n\t\t\t<div class=\"elementor-column-wrap elementor-element-populated\">\n\t\t\t\t\t\t\t<div class=\"elementor-widget-wrap\">\n\t\t\t\t\t\t<div class=\"elementor-element elementor-element-5d935d9 elementor-widget elementor-widget-image\" data-id=\"5d935d9\" data-element_type=\"widget\" data-widget_type=\"image.default\">\n\t\t\t\t<div class=\"elementor-widget-container\">\n\t\t\t<style>\/*! elementor - v3.17.0 - 25-10-2023 *\/\n.elementor-widget-image{text-align:center}.elementor-widget-image a{display:inline-block}.elementor-widget-image a img[src$=\".svg\"]{width:48px}.elementor-widget-image img{vertical-align:middle;display:inline-block}<\/style>\t\t\t\t\t<div class=\"elementor-image\">\n\t\t\t\t\t\t\t\t\t\t\t\t<img loading=\"lazy\" decoding=\"async\" width=\"1920\" height=\"880\" src=\"https:\/\/dibapart.net\/wp-content\/uploads\/2022\/01\/23.jpg\" class=\"attachment-full size-full wp-image-10501\" alt=\"\" srcset=\"https:\/\/dibapart.net\/wp-content\/uploads\/2022\/01\/23.jpg 1920w, https:\/\/dibapart.net\/wp-content\/uploads\/2022\/01\/23-300x138.jpg 300w, https:\/\/dibapart.net\/wp-content\/uploads\/2022\/01\/23-1030x472.jpg 1030w, https:\/\/dibapart.net\/wp-content\/uploads\/2022\/01\/23-768x352.jpg 768w, https:\/\/dibapart.net\/wp-content\/uploads\/2022\/01\/23-1536x704.jpg 1536w, https:\/\/dibapart.net\/wp-content\/uploads\/2022\/01\/23-480x220.jpg 480w\" sizes=\"auto, (max-width: 1920px) 100vw, 1920px\" title=\"\" \/>\t\t\t\t\t\t\t\t\t\t\t\t\t\t<\/div>\n\t\t\t\t\t\t<\/div>\n\t\t\t\t<\/div>\n\t\t\t\t\t\t<\/div>\n\t\t\t\t\t<\/div>\n\t\t<\/div>\n\t\t\t\t\t\t\t\t<\/div>\n\t\t\t\t\t<\/div>\n\t\t<\/section>\n\t\t\t\t<section class=\"elementor-section elementor-top-section elementor-element elementor-element-44bc2d0 elementor-section-full_width elementor-section-height-default elementor-section-height-default\" data-id=\"44bc2d0\" data-element_type=\"section\" data-settings=\"{&quot;_ha_eqh_enable&quot;:false}\">\n\t\t\t\t\t\t<div class=\"elementor-container elementor-column-gap-default\">\n\t\t\t\t\t\t\t<div class=\"elementor-row\">\n\t\t\t\t\t<div class=\"elementor-column elementor-col-50 elementor-top-column elementor-element elementor-element-b97148b animated-slow elementor-invisible\" data-id=\"b97148b\" data-element_type=\"column\" data-settings=\"{&quot;animation&quot;:&quot;fadeIn&quot;}\">\n\t\t\t<div class=\"elementor-column-wrap elementor-element-populated\">\n\t\t\t\t\t\t\t<div class=\"elementor-widget-wrap\">\n\t\t\t\t\t\t<div class=\"elementor-element elementor-element-f7819c5 elementor-widget elementor-widget-heading\" data-id=\"f7819c5\" data-element_type=\"widget\" data-widget_type=\"heading.default\">\n\t\t\t\t<div class=\"elementor-widget-container\">\n\t\t\t<style>\/*! elementor - v3.17.0 - 25-10-2023 *\/\n.elementor-heading-title{padding:0;margin:0;line-height:1}.elementor-widget-heading .elementor-heading-title[class*=elementor-size-]>a{color:inherit;font-size:inherit;line-height:inherit}.elementor-widget-heading .elementor-heading-title.elementor-size-small{font-size:15px}.elementor-widget-heading .elementor-heading-title.elementor-size-medium{font-size:19px}.elementor-widget-heading .elementor-heading-title.elementor-size-large{font-size:29px}.elementor-widget-heading .elementor-heading-title.elementor-size-xl{font-size:39px}.elementor-widget-heading .elementor-heading-title.elementor-size-xxl{font-size:59px}<\/style><h2 class=\"elementor-heading-title elementor-size-default\">Steuerger\u00e4te Schalter und Relais<\/h2>\t\t<\/div>\n\t\t\t\t<\/div>\n\t\t\t\t<div class=\"elementor-element elementor-element-d398546 animated-slow elementor-invisible elementor-widget elementor-widget-text-editor\" data-id=\"d398546\" data-element_type=\"widget\" data-settings=\"{&quot;_animation&quot;:&quot;fadeInUp&quot;}\" data-widget_type=\"text-editor.default\">\n\t\t\t\t<div class=\"elementor-widget-container\">\n\t\t\t<style>\/*! elementor - v3.17.0 - 25-10-2023 *\/\n.elementor-widget-text-editor.elementor-drop-cap-view-stacked .elementor-drop-cap{background-color:#69727d;color:#fff}.elementor-widget-text-editor.elementor-drop-cap-view-framed .elementor-drop-cap{color:#69727d;border:3px solid;background-color:transparent}.elementor-widget-text-editor:not(.elementor-drop-cap-view-default) .elementor-drop-cap{margin-top:8px}.elementor-widget-text-editor:not(.elementor-drop-cap-view-default) .elementor-drop-cap-letter{width:1em;height:1em}.elementor-widget-text-editor .elementor-drop-cap{float:left;text-align:center;line-height:1;font-size:50px}.elementor-widget-text-editor .elementor-drop-cap-letter{display:inline-block}<\/style>\t\t\t\t\t<div class=\"elementor-text-editor elementor-clearfix\">\n\t\t\t\t<p style=\"text-align: justify;\">Instrumente und Steuerger\u00e4te, erhalten Feedback und steuern Ihr System<\/p><p style=\"text-align: justify;\">Um in jeder Situation Feedback zu Ihrem System zu erhalten, sei es zur Steuerung oder f\u00fcr andere Zwecke, sind im Wesentlichen Sensoren und Instrumente erforderlich. Unsere Hersteller und Marken mit kompetenter Qualit\u00e4t werden versuchen, Ihnen die besten Dienstleistungen und Produkte f\u00fcr alle Arten von Instrumenten wie Durchflussmesser, Druckmessger\u00e4te\/-schalter, Wasserreiniger, Thermoelemente und RTDs, Barrieren\/Isolatoren usw. zu bieten. Auch verschiedene Arten von Sensoren wie z Temperatur-, Druck-, N\u00e4herungs-, Beschleunigungs- und Bewegungssensoren.<\/p>\t\t\t\t\t<\/div>\n\t\t\t\t\t\t<\/div>\n\t\t\t\t<\/div>\n\t\t\t\t\t\t<\/div>\n\t\t\t\t\t<\/div>\n\t\t<\/div>\n\t\t\t\t<div class=\"elementor-column elementor-col-50 elementor-top-column elementor-element elementor-element-890aba0 animated-slow elementor-invisible\" data-id=\"890aba0\" data-element_type=\"column\" data-settings=\"{&quot;animation&quot;:&quot;fadeIn&quot;}\">\n\t\t\t<div class=\"elementor-column-wrap elementor-element-populated\">\n\t\t\t\t\t\t\t<div class=\"elementor-widget-wrap\">\n\t\t\t\t\t\t<div class=\"elementor-element elementor-element-efb53ca elementor-invisible elementor-widget elementor-widget-image\" data-id=\"efb53ca\" data-element_type=\"widget\" data-settings=\"{&quot;_animation&quot;:&quot;fadeIn&quot;}\" data-widget_type=\"image.default\">\n\t\t\t\t<div class=\"elementor-widget-container\">\n\t\t\t\t\t\t\t\t<div class=\"elementor-image\">\n\t\t\t\t\t\t\t\t\t\t\t\t<img loading=\"lazy\" decoding=\"async\" width=\"800\" height=\"460\" src=\"https:\/\/dibapart.net\/wp-content\/uploads\/2022\/01\/24-1.jpg\" class=\"attachment-large size-large wp-image-10503\" alt=\"\" srcset=\"https:\/\/dibapart.net\/wp-content\/uploads\/2022\/01\/24-1.jpg 800w, https:\/\/dibapart.net\/wp-content\/uploads\/2022\/01\/24-1-300x173.jpg 300w, https:\/\/dibapart.net\/wp-content\/uploads\/2022\/01\/24-1-768x442.jpg 768w, https:\/\/dibapart.net\/wp-content\/uploads\/2022\/01\/24-1-480x276.jpg 480w\" sizes=\"auto, (max-width: 800px) 100vw, 800px\" title=\"\" \/>\t\t\t\t\t\t\t\t\t\t\t\t\t\t<\/div>\n\t\t\t\t\t\t<\/div>\n\t\t\t\t<\/div>\n\t\t\t\t\t\t<\/div>\n\t\t\t\t\t<\/div>\n\t\t<\/div>\n\t\t\t\t\t\t\t\t<\/div>\n\t\t\t\t\t<\/div>\n\t\t<\/section>\n\t\t\t\t<section class=\"elementor-section elementor-top-section elementor-element elementor-element-53e8bb0 elementor-section-full_width elementor-section-height-default elementor-section-height-default\" data-id=\"53e8bb0\" data-element_type=\"section\" data-settings=\"{&quot;_ha_eqh_enable&quot;:false}\">\n\t\t\t\t\t\t<div class=\"elementor-container elementor-column-gap-default\">\n\t\t\t\t\t\t\t<div class=\"elementor-row\">\n\t\t\t\t\t<div class=\"elementor-column elementor-col-100 elementor-top-column elementor-element elementor-element-06726b6\" data-id=\"06726b6\" data-element_type=\"column\">\n\t\t\t<div class=\"elementor-column-wrap elementor-element-populated\">\n\t\t\t\t\t\t\t<div class=\"elementor-widget-wrap\">\n\t\t\t\t\t\t<div class=\"elementor-element elementor-element-c5bfbaa elementor-widget elementor-widget-ha-logo-carousel happy-addon ha-logo-carousel happy-addon-pro\" data-id=\"c5bfbaa\" data-element_type=\"widget\" data-settings=\"{&quot;navigation&quot;:&quot;none&quot;,&quot;slides_to_show&quot;:&quot;4&quot;,&quot;slides_to_show_tablet&quot;:&quot;2&quot;,&quot;autoplay_speed&quot;:1700,&quot;animation_speed&quot;:800,&quot;autoplay&quot;:&quot;yes&quot;,&quot;loop&quot;:&quot;yes&quot;,&quot;slides_to_show_mobile&quot;:2}\" data-widget_type=\"ha-logo-carousel.default\">\n\t\t\t\t<div class=\"elementor-widget-container\">\n\t\t\t\n        <div data-ha_rcc_uid=\"\" class=\"ha-logo-carousel-wrap\">\n            \t\t\t\t<div class=\"ha-slick-slide\">\n\t\t\t\t\t\n\t\t\t\t\t\t<div class=\"ha-logo-carousel-item\">\n\t\t\t\t\t\t\t<img\n\t\t\t\t\t\t\t\tsrc=\"https:\/\/dibapart.net\/wp-content\/uploads\/2022\/01\/1-4.png\"\n\t\t\t\t\t\t\t\tclass=\"elementor-animation-\"\n\t\t\t\t\t\t\t\ttitle=\"\"\n\t\t\t\t\t\t\t\talt=\"\"\n\t\t\t\t\t\t\t>\n\t\t\t\t\t\t<\/div>\n\n\t\t\t\t\t                <\/div>\n\n                \t\t\t\t<div class=\"ha-slick-slide\">\n\t\t\t\t\t\n\t\t\t\t\t\t<div class=\"ha-logo-carousel-item\">\n\t\t\t\t\t\t\t<img\n\t\t\t\t\t\t\t\tsrc=\"https:\/\/dibapart.net\/wp-content\/uploads\/2022\/01\/2-4.png\"\n\t\t\t\t\t\t\t\tclass=\"elementor-animation-\"\n\t\t\t\t\t\t\t\ttitle=\"\"\n\t\t\t\t\t\t\t\talt=\"\"\n\t\t\t\t\t\t\t>\n\t\t\t\t\t\t<\/div>\n\n\t\t\t\t\t                <\/div>\n\n                \t\t\t\t<div class=\"ha-slick-slide\">\n\t\t\t\t\t\n\t\t\t\t\t\t<div class=\"ha-logo-carousel-item\">\n\t\t\t\t\t\t\t<img\n\t\t\t\t\t\t\t\tsrc=\"https:\/\/dibapart.net\/wp-content\/uploads\/2022\/01\/3-4.png\"\n\t\t\t\t\t\t\t\tclass=\"elementor-animation-\"\n\t\t\t\t\t\t\t\ttitle=\"\"\n\t\t\t\t\t\t\t\talt=\"\"\n\t\t\t\t\t\t\t>\n\t\t\t\t\t\t<\/div>\n\n\t\t\t\t\t                <\/div>\n\n                \t\t\t\t<div class=\"ha-slick-slide\">\n\t\t\t\t\t\n\t\t\t\t\t\t<div class=\"ha-logo-carousel-item\">\n\t\t\t\t\t\t\t<img\n\t\t\t\t\t\t\t\tsrc=\"https:\/\/dibapart.net\/wp-content\/uploads\/2022\/01\/19.gif\"\n\t\t\t\t\t\t\t\tclass=\"elementor-animation-\"\n\t\t\t\t\t\t\t\ttitle=\"\"\n\t\t\t\t\t\t\t\talt=\"\"\n\t\t\t\t\t\t\t>\n\t\t\t\t\t\t<\/div>\n\n\t\t\t\t\t                <\/div>\n\n                \t\t\t\t<div class=\"ha-slick-slide\">\n\t\t\t\t\t\n\t\t\t\t\t\t<div class=\"ha-logo-carousel-item\">\n\t\t\t\t\t\t\t<img\n\t\t\t\t\t\t\t\tsrc=\"https:\/\/dibapart.net\/wp-content\/uploads\/2022\/01\/5-3.png\"\n\t\t\t\t\t\t\t\tclass=\"elementor-animation-\"\n\t\t\t\t\t\t\t\ttitle=\"\"\n\t\t\t\t\t\t\t\talt=\"\"\n\t\t\t\t\t\t\t>\n\t\t\t\t\t\t<\/div>\n\n\t\t\t\t\t                <\/div>\n\n                \t\t\t\t<div class=\"ha-slick-slide\">\n\t\t\t\t\t\n\t\t\t\t\t\t<div class=\"ha-logo-carousel-item\">\n\t\t\t\t\t\t\t<img\n\t\t\t\t\t\t\t\tsrc=\"https:\/\/dibapart.net\/wp-content\/uploads\/2022\/01\/18.gif\"\n\t\t\t\t\t\t\t\tclass=\"elementor-animation-\"\n\t\t\t\t\t\t\t\ttitle=\"\"\n\t\t\t\t\t\t\t\talt=\"\"\n\t\t\t\t\t\t\t>\n\t\t\t\t\t\t<\/div>\n\n\t\t\t\t\t                <\/div>\n\n                \t\t\t\t<div class=\"ha-slick-slide\">\n\t\t\t\t\t\n\t\t\t\t\t\t<div class=\"ha-logo-carousel-item\">\n\t\t\t\t\t\t\t<img\n\t\t\t\t\t\t\t\tsrc=\"https:\/\/dibapart.net\/wp-content\/uploads\/2022\/01\/18-1.gif\"\n\t\t\t\t\t\t\t\tclass=\"elementor-animation-\"\n\t\t\t\t\t\t\t\ttitle=\"\"\n\t\t\t\t\t\t\t\talt=\"\"\n\t\t\t\t\t\t\t>\n\t\t\t\t\t\t<\/div>\n\n\t\t\t\t\t                <\/div>\n\n                \t\t\t\t<div class=\"ha-slick-slide\">\n\t\t\t\t\t\n\t\t\t\t\t\t<div class=\"ha-logo-carousel-item\">\n\t\t\t\t\t\t\t<img\n\t\t\t\t\t\t\t\tsrc=\"\"\n\t\t\t\t\t\t\t\tclass=\"elementor-animation-\"\n\t\t\t\t\t\t\t\ttitle=\"\"\n\t\t\t\t\t\t\t\talt=\"\"\n\t\t\t\t\t\t\t>\n\t\t\t\t\t\t<\/div>\n\n\t\t\t\t\t                <\/div>\n\n                        <\/div>\n\n        \t\t<\/div>\n\t\t\t\t<\/div>\n\t\t\t\t<div class=\"elementor-element elementor-element-6b3e74b elementor-widget elementor-widget-ha-logo-carousel happy-addon ha-logo-carousel happy-addon-pro\" data-id=\"6b3e74b\" data-element_type=\"widget\" data-settings=\"{&quot;navigation&quot;:&quot;none&quot;,&quot;slides_to_show&quot;:&quot;4&quot;,&quot;slides_to_show_tablet&quot;:&quot;2&quot;,&quot;autoplay_speed&quot;:1700,&quot;animation_speed&quot;:800,&quot;autoplay&quot;:&quot;yes&quot;,&quot;loop&quot;:&quot;yes&quot;,&quot;slides_to_show_mobile&quot;:2}\" data-widget_type=\"ha-logo-carousel.default\">\n\t\t\t\t<div class=\"elementor-widget-container\">\n\t\t\t\n        <div data-ha_rcc_uid=\"\" class=\"ha-logo-carousel-wrap\">\n            \t\t\t\t<div class=\"ha-slick-slide\">\n\t\t\t\t\t\n\t\t\t\t\t\t<div class=\"ha-logo-carousel-item\">\n\t\t\t\t\t\t\t<img\n\t\t\t\t\t\t\t\tsrc=\"https:\/\/dibapart.net\/wp-content\/uploads\/2022\/01\/11.gif\"\n\t\t\t\t\t\t\t\tclass=\"elementor-animation-\"\n\t\t\t\t\t\t\t\ttitle=\"\"\n\t\t\t\t\t\t\t\talt=\"\"\n\t\t\t\t\t\t\t>\n\t\t\t\t\t\t<\/div>\n\n\t\t\t\t\t                <\/div>\n\n                \t\t\t\t<div class=\"ha-slick-slide\">\n\t\t\t\t\t\n\t\t\t\t\t\t<div class=\"ha-logo-carousel-item\">\n\t\t\t\t\t\t\t<img\n\t\t\t\t\t\t\t\tsrc=\"https:\/\/dibapart.net\/wp-content\/uploads\/2022\/01\/12.png\"\n\t\t\t\t\t\t\t\tclass=\"elementor-animation-\"\n\t\t\t\t\t\t\t\ttitle=\"\"\n\t\t\t\t\t\t\t\talt=\"\"\n\t\t\t\t\t\t\t>\n\t\t\t\t\t\t<\/div>\n\n\t\t\t\t\t                <\/div>\n\n                \t\t\t\t<div class=\"ha-slick-slide\">\n\t\t\t\t\t\n\t\t\t\t\t\t<div class=\"ha-logo-carousel-item\">\n\t\t\t\t\t\t\t<img\n\t\t\t\t\t\t\t\tsrc=\"https:\/\/dibapart.net\/wp-content\/uploads\/2022\/01\/15-1.gif\"\n\t\t\t\t\t\t\t\tclass=\"elementor-animation-\"\n\t\t\t\t\t\t\t\ttitle=\"\"\n\t\t\t\t\t\t\t\talt=\"\"\n\t\t\t\t\t\t\t>\n\t\t\t\t\t\t<\/div>\n\n\t\t\t\t\t                <\/div>\n\n                \t\t\t\t<div class=\"ha-slick-slide\">\n\t\t\t\t\t\n\t\t\t\t\t\t<div class=\"ha-logo-carousel-item\">\n\t\t\t\t\t\t\t<img\n\t\t\t\t\t\t\t\tsrc=\"https:\/\/dibapart.net\/wp-content\/uploads\/2022\/01\/16-1.gif\"\n\t\t\t\t\t\t\t\tclass=\"elementor-animation-\"\n\t\t\t\t\t\t\t\ttitle=\"\"\n\t\t\t\t\t\t\t\talt=\"\"\n\t\t\t\t\t\t\t>\n\t\t\t\t\t\t<\/div>\n\n\t\t\t\t\t                <\/div>\n\n                \t\t\t\t<div class=\"ha-slick-slide\">\n\t\t\t\t\t\n\t\t\t\t\t\t<div class=\"ha-logo-carousel-item\">\n\t\t\t\t\t\t\t<img\n\t\t\t\t\t\t\t\tsrc=\"https:\/\/dibapart.net\/wp-content\/uploads\/2022\/01\/17-1.gif\"\n\t\t\t\t\t\t\t\tclass=\"elementor-animation-\"\n\t\t\t\t\t\t\t\ttitle=\"\"\n\t\t\t\t\t\t\t\talt=\"\"\n\t\t\t\t\t\t\t>\n\t\t\t\t\t\t<\/div>\n\n\t\t\t\t\t                <\/div>\n\n                \t\t\t\t<div class=\"ha-slick-slide\">\n\t\t\t\t\t\n\t\t\t\t\t\t<div class=\"ha-logo-carousel-item\">\n\t\t\t\t\t\t\t<img\n\t\t\t\t\t\t\t\tsrc=\"https:\/\/dibapart.net\/wp-content\/uploads\/2022\/01\/20.gif\"\n\t\t\t\t\t\t\t\tclass=\"elementor-animation-\"\n\t\t\t\t\t\t\t\ttitle=\"\"\n\t\t\t\t\t\t\t\talt=\"\"\n\t\t\t\t\t\t\t>\n\t\t\t\t\t\t<\/div>\n\n\t\t\t\t\t                <\/div>\n\n                \t\t\t\t<div class=\"ha-slick-slide\">\n\t\t\t\t\t\n\t\t\t\t\t\t<div class=\"ha-logo-carousel-item\">\n\t\t\t\t\t\t\t<img\n\t\t\t\t\t\t\t\tsrc=\"https:\/\/dibapart.net\/wp-content\/uploads\/2022\/01\/3-3.png\"\n\t\t\t\t\t\t\t\tclass=\"elementor-animation-\"\n\t\t\t\t\t\t\t\ttitle=\"\"\n\t\t\t\t\t\t\t\talt=\"\"\n\t\t\t\t\t\t\t>\n\t\t\t\t\t\t<\/div>\n\n\t\t\t\t\t                <\/div>\n\n                        <\/div>\n\n        \t\t<\/div>\n\t\t\t\t<\/div>\n\t\t\t\t\t\t<\/div>\n\t\t\t\t\t<\/div>\n\t\t<\/div>\n\t\t\t\t\t\t\t\t<\/div>\n\t\t\t\t\t<\/div>\n\t\t<\/section>\n\t\t\t\t\t\t\t\t\t<\/div>\n\t\t\t<\/div>\n\t\t\t\t\t<\/div>","protected":false},"excerpt":{"rendered":"<p>Control units Switches and relays Instruments and Control Units, get feedback and control your system Getting feedback on your system in every situation, in order to control or other purposes, essentially needs Sensors and Instrumentation. Our manufacturers and brands by capable Quality will try to give you the Best Services and products for all types [&hellip;]<\/p>","protected":false},"author":1,"featured_media":0,"parent":0,"menu_order":0,"comment_status":"closed","ping_status":"closed","template":"elementor_header_footer","meta":{"footnotes":""},"class_list":["post-9733","page","type-page","status-publish","hentry"],"yoast_head":"<!-- This site is optimized with the Yoast SEO Premium plugin v20.8 (Yoast SEO v20.9) - https:\/\/yoast.com\/wordpress\/plugins\/seo\/ -->\n<title>Control units Switches and relays - Dibapart<\/title>\n<meta name=\"robots\" content=\"index, follow, max-snippet:-1, max-image-preview:large, max-video-preview:-1\" \/>\n<link rel=\"canonical\" href=\"https:\/\/dibapart.net\/de\/control-units-switches-and-relays\/\" \/>\n<meta property=\"og:locale\" content=\"de_DE\" \/>\n<meta property=\"og:type\" content=\"article\" \/>\n<meta property=\"og:title\" content=\"Control units Switches and relays\" \/>\n<meta property=\"og:description\" content=\"Control units Switches and relays Instruments and Control Units, get feedback and control your system Getting feedback on your system in every situation, in order to control or other purposes, essentially needs Sensors and Instrumentation. Our manufacturers and brands by capable Quality will try to give you the Best Services and products for all types [&hellip;]\" \/>\n<meta property=\"og:url\" content=\"https:\/\/dibapart.net\/de\/control-units-switches-and-relays\/\" \/>\n<meta property=\"og:site_name\" content=\"Dibapart\" \/>\n<meta property=\"article:modified_time\" content=\"2022-01-30T08:16:39+00:00\" \/>\n<meta property=\"og:image\" content=\"http:\/\/dibapart.net\/wp-content\/uploads\/2022\/01\/23.jpg\" \/>\n<meta name=\"twitter:card\" content=\"summary_large_image\" \/>\n<meta name=\"twitter:label1\" content=\"Gesch\u00e4tzte Lesezeit\" \/>\n\t<meta name=\"twitter:data1\" content=\"9\u00a0Minuten\" \/>\n<script type=\"application\/ld+json\" class=\"yoast-schema-graph\">{\"@context\":\"https:\/\/schema.org\",\"@graph\":[{\"@type\":\"WebPage\",\"@id\":\"https:\/\/dibapart.net\/control-units-switches-and-relays\/\",\"url\":\"https:\/\/dibapart.net\/control-units-switches-and-relays\/\",\"name\":\"Control units Switches and relays - Dibapart\",\"isPartOf\":{\"@id\":\"https:\/\/dibapart.net\/#website\"},\"datePublished\":\"2022-01-11T21:31:06+00:00\",\"dateModified\":\"2022-01-30T08:16:39+00:00\",\"breadcrumb\":{\"@id\":\"https:\/\/dibapart.net\/control-units-switches-and-relays\/#breadcrumb\"},\"inLanguage\":\"de\",\"potentialAction\":[{\"@type\":\"ReadAction\",\"target\":[\"https:\/\/dibapart.net\/control-units-switches-and-relays\/\"]}]},{\"@type\":\"BreadcrumbList\",\"@id\":\"https:\/\/dibapart.net\/control-units-switches-and-relays\/#breadcrumb\",\"itemListElement\":[{\"@type\":\"ListItem\",\"position\":1,\"name\":\"Home\",\"item\":\"https:\/\/dibapart.net\/\"},{\"@type\":\"ListItem\",\"position\":2,\"name\":\"Control units Switches and relays\"}]},{\"@type\":\"WebSite\",\"@id\":\"https:\/\/dibapart.net\/#website\",\"url\":\"https:\/\/dibapart.net\/\",\"name\":\"Dibapart\",\"description\":\"engineering and Trading company\",\"potentialAction\":[{\"@type\":\"SearchAction\",\"target\":{\"@type\":\"EntryPoint\",\"urlTemplate\":\"https:\/\/dibapart.net\/?s={search_term_string}\"},\"query-input\":\"required name=search_term_string\"}],\"inLanguage\":\"de\"}]}<\/script>\n<!-- \/ Yoast SEO Premium plugin. -->","yoast_head_json":{"title":"Control units Switches and relays - Dibapart","robots":{"index":"index","follow":"follow","max-snippet":"max-snippet:-1","max-image-preview":"max-image-preview:large","max-video-preview":"max-video-preview:-1"},"canonical":"https:\/\/dibapart.net\/de\/control-units-switches-and-relays\/","og_locale":"de_DE","og_type":"article","og_title":"Control units Switches and relays","og_description":"Control units Switches and relays Instruments and Control Units, get feedback and control your system Getting feedback on your system in every situation, in order to control or other purposes, essentially needs Sensors and Instrumentation. Our manufacturers and brands by capable Quality will try to give you the Best Services and products for all types [&hellip;]","og_url":"https:\/\/dibapart.net\/de\/control-units-switches-and-relays\/","og_site_name":"Dibapart","article_modified_time":"2022-01-30T08:16:39+00:00","og_image":[{"url":"http:\/\/dibapart.net\/wp-content\/uploads\/2022\/01\/23.jpg"}],"twitter_card":"summary_large_image","twitter_misc":{"Gesch\u00e4tzte Lesezeit":"9\u00a0Minuten"},"schema":{"@context":"https:\/\/schema.org","@graph":[{"@type":"WebPage","@id":"https:\/\/dibapart.net\/control-units-switches-and-relays\/","url":"https:\/\/dibapart.net\/control-units-switches-and-relays\/","name":"Control units Switches and relays - Dibapart","isPartOf":{"@id":"https:\/\/dibapart.net\/#website"},"datePublished":"2022-01-11T21:31:06+00:00","dateModified":"2022-01-30T08:16:39+00:00","breadcrumb":{"@id":"https:\/\/dibapart.net\/control-units-switches-and-relays\/#breadcrumb"},"inLanguage":"de","potentialAction":[{"@type":"ReadAction","target":["https:\/\/dibapart.net\/control-units-switches-and-relays\/"]}]},{"@type":"BreadcrumbList","@id":"https:\/\/dibapart.net\/control-units-switches-and-relays\/#breadcrumb","itemListElement":[{"@type":"ListItem","position":1,"name":"Home","item":"https:\/\/dibapart.net\/"},{"@type":"ListItem","position":2,"name":"Control units Switches and relays"}]},{"@type":"WebSite","@id":"https:\/\/dibapart.net\/#website","url":"https:\/\/dibapart.net\/","name":"Dibapart","description":"engineering and Trading company","potentialAction":[{"@type":"SearchAction","target":{"@type":"EntryPoint","urlTemplate":"https:\/\/dibapart.net\/?s={search_term_string}"},"query-input":"required name=search_term_string"}],"inLanguage":"de"}]}},"_links":{"self":[{"href":"https:\/\/dibapart.net\/de\/wp-json\/wp\/v2\/pages\/9733","targetHints":{"allow":["GET"]}}],"collection":[{"href":"https:\/\/dibapart.net\/de\/wp-json\/wp\/v2\/pages"}],"about":[{"href":"https:\/\/dibapart.net\/de\/wp-json\/wp\/v2\/types\/page"}],"author":[{"embeddable":true,"href":"https:\/\/dibapart.net\/de\/wp-json\/wp\/v2\/users\/1"}],"replies":[{"embeddable":true,"href":"https:\/\/dibapart.net\/de\/wp-json\/wp\/v2\/comments?post=9733"}],"version-history":[{"count":0,"href":"https:\/\/dibapart.net\/de\/wp-json\/wp\/v2\/pages\/9733\/revisions"}],"wp:attachment":[{"href":"https:\/\/dibapart.net\/de\/wp-json\/wp\/v2\/media?parent=9733"}],"curies":[{"name":"wp","href":"https:\/\/api.w.org\/{rel}","templated":true}]}}