{"id":9725,"date":"2022-01-11T21:29:09","date_gmt":"2022-01-11T21:29:09","guid":{"rendered":"http:\/\/dibapart.net\/?page_id=9725"},"modified":"2022-01-30T06:14:50","modified_gmt":"2022-01-30T06:14:50","slug":"lifting-equipment","status":"publish","type":"page","link":"https:\/\/dibapart.net\/de\/lifting-equipment\/","title":{"rendered":"Lifting Equipment"},"content":{"rendered":"<div data-elementor-type=\"wp-page\" data-elementor-id=\"9725\" class=\"elementor elementor-9725\">\n\t\t\t\t\t\t<div class=\"elementor-inner\">\n\t\t\t\t<div class=\"elementor-section-wrap\">\n\t\t\t\t\t\t\t\t\t<section class=\"elementor-section elementor-top-section elementor-element elementor-element-b27681b elementor-section-full_width elementor-section-stretched elementor-section-height-default elementor-section-height-default\" data-id=\"b27681b\" data-element_type=\"section\" data-settings=\"{&quot;stretch_section&quot;:&quot;section-stretched&quot;,&quot;_ha_eqh_enable&quot;:false}\">\n\t\t\t\t\t\t<div class=\"elementor-container elementor-column-gap-default\">\n\t\t\t\t\t\t\t<div class=\"elementor-row\">\n\t\t\t\t\t<div class=\"elementor-column elementor-col-100 elementor-top-column elementor-element elementor-element-66ba0ee\" data-id=\"66ba0ee\" data-element_type=\"column\">\n\t\t\t<div class=\"elementor-column-wrap elementor-element-populated\">\n\t\t\t\t\t\t\t<div class=\"elementor-widget-wrap\">\n\t\t\t\t\t\t<div class=\"elementor-element elementor-element-9ea0740 elementor-widget elementor-widget-image\" data-id=\"9ea0740\" data-element_type=\"widget\" data-widget_type=\"image.default\">\n\t\t\t\t<div class=\"elementor-widget-container\">\n\t\t\t<style>\/*! elementor - v3.17.0 - 25-10-2023 *\/\n.elementor-widget-image{text-align:center}.elementor-widget-image a{display:inline-block}.elementor-widget-image a img[src$=\".svg\"]{width:48px}.elementor-widget-image img{vertical-align:middle;display:inline-block}<\/style>\t\t\t\t\t<div class=\"elementor-image\">\n\t\t\t\t\t\t\t\t\t\t\t\t<img loading=\"lazy\" decoding=\"async\" width=\"1920\" height=\"880\" src=\"https:\/\/dibapart.net\/wp-content\/uploads\/2022\/01\/29.jpg\" class=\"attachment-full size-full wp-image-10512\" alt=\"\" srcset=\"https:\/\/dibapart.net\/wp-content\/uploads\/2022\/01\/29.jpg 1920w, https:\/\/dibapart.net\/wp-content\/uploads\/2022\/01\/29-300x138.jpg 300w, https:\/\/dibapart.net\/wp-content\/uploads\/2022\/01\/29-1030x472.jpg 1030w, https:\/\/dibapart.net\/wp-content\/uploads\/2022\/01\/29-768x352.jpg 768w, https:\/\/dibapart.net\/wp-content\/uploads\/2022\/01\/29-1536x704.jpg 1536w, https:\/\/dibapart.net\/wp-content\/uploads\/2022\/01\/29-480x220.jpg 480w\" sizes=\"auto, (max-width: 1920px) 100vw, 1920px\" title=\"\" \/>\t\t\t\t\t\t\t\t\t\t\t\t\t\t<\/div>\n\t\t\t\t\t\t<\/div>\n\t\t\t\t<\/div>\n\t\t\t\t\t\t<\/div>\n\t\t\t\t\t<\/div>\n\t\t<\/div>\n\t\t\t\t\t\t\t\t<\/div>\n\t\t\t\t\t<\/div>\n\t\t<\/section>\n\t\t\t\t<section class=\"elementor-section elementor-top-section elementor-element elementor-element-21c1b52 elementor-section-full_width elementor-section-height-default elementor-section-height-default\" data-id=\"21c1b52\" data-element_type=\"section\" data-settings=\"{&quot;_ha_eqh_enable&quot;:false}\">\n\t\t\t\t\t\t<div class=\"elementor-container elementor-column-gap-default\">\n\t\t\t\t\t\t\t<div class=\"elementor-row\">\n\t\t\t\t\t<div class=\"elementor-column elementor-col-50 elementor-top-column elementor-element elementor-element-18c6672 animated-slow elementor-invisible\" data-id=\"18c6672\" data-element_type=\"column\" data-settings=\"{&quot;animation&quot;:&quot;fadeIn&quot;}\">\n\t\t\t<div class=\"elementor-column-wrap elementor-element-populated\">\n\t\t\t\t\t\t\t<div class=\"elementor-widget-wrap\">\n\t\t\t\t\t\t<div class=\"elementor-element elementor-element-b3dda80 elementor-widget elementor-widget-heading\" data-id=\"b3dda80\" data-element_type=\"widget\" data-widget_type=\"heading.default\">\n\t\t\t\t<div class=\"elementor-widget-container\">\n\t\t\t<style>\/*! elementor - v3.17.0 - 25-10-2023 *\/\n.elementor-heading-title{padding:0;margin:0;line-height:1}.elementor-widget-heading .elementor-heading-title[class*=elementor-size-]>a{color:inherit;font-size:inherit;line-height:inherit}.elementor-widget-heading .elementor-heading-title.elementor-size-small{font-size:15px}.elementor-widget-heading .elementor-heading-title.elementor-size-medium{font-size:19px}.elementor-widget-heading .elementor-heading-title.elementor-size-large{font-size:29px}.elementor-widget-heading .elementor-heading-title.elementor-size-xl{font-size:39px}.elementor-widget-heading .elementor-heading-title.elementor-size-xxl{font-size:59px}<\/style><h2 class=\"elementor-heading-title elementor-size-default\">Kran und Hebezeug <\/h2>\t\t<\/div>\n\t\t\t\t<\/div>\n\t\t\t\t<div class=\"elementor-element elementor-element-113deb56 elementor-widget elementor-widget-text-editor\" data-id=\"113deb56\" data-element_type=\"widget\" data-widget_type=\"text-editor.default\">\n\t\t\t\t<div class=\"elementor-widget-container\">\n\t\t\t<style>\/*! elementor - v3.17.0 - 25-10-2023 *\/\n.elementor-widget-text-editor.elementor-drop-cap-view-stacked .elementor-drop-cap{background-color:#69727d;color:#fff}.elementor-widget-text-editor.elementor-drop-cap-view-framed .elementor-drop-cap{color:#69727d;border:3px solid;background-color:transparent}.elementor-widget-text-editor:not(.elementor-drop-cap-view-default) .elementor-drop-cap{margin-top:8px}.elementor-widget-text-editor:not(.elementor-drop-cap-view-default) .elementor-drop-cap-letter{width:1em;height:1em}.elementor-widget-text-editor .elementor-drop-cap{float:left;text-align:center;line-height:1;font-size:50px}.elementor-widget-text-editor .elementor-drop-cap-letter{display:inline-block}<\/style>\t\t\t\t\t<div class=\"elementor-text-editor elementor-clearfix\">\n\t\t\t\t<p style=\"text-align: justify;\"><strong>KRAN- UND Hebezeuge, Sicherheit, Stichwort Schwermaschinen<\/strong><\/p><p style=\"text-align: justify;\" class=\" translation-block\">Zu den Ger\u00e4ten geh\u00f6ren: <strong>Hebekr\u00e4ne, hydraulische\/pneumatische Hubzylinder, Lastkraftwagen, Hebegurte, Handhabungsgabeln, Hebeklemmen, Hebesch\u00e4kel, Muttern und Bolzen, Ketten, Aufh\u00e4ngeglieder \u00a0<\/strong>Nach best\u00e4tigten internationalen Standards und Zertifikaten.<\/p><p style=\"text-align: justify;\">\u00a0<\/p>\t\t\t\t\t<\/div>\n\t\t\t\t\t\t<\/div>\n\t\t\t\t<\/div>\n\t\t\t\t\t\t<\/div>\n\t\t\t\t\t<\/div>\n\t\t<\/div>\n\t\t\t\t<div class=\"elementor-column elementor-col-50 elementor-top-column elementor-element elementor-element-6721578 animated-slow elementor-invisible\" data-id=\"6721578\" data-element_type=\"column\" data-settings=\"{&quot;animation&quot;:&quot;fadeIn&quot;}\">\n\t\t\t<div class=\"elementor-column-wrap elementor-element-populated\">\n\t\t\t\t\t\t\t<div class=\"elementor-widget-wrap\">\n\t\t\t\t\t\t<div class=\"elementor-element elementor-element-09987eb elementor-invisible elementor-widget elementor-widget-image\" data-id=\"09987eb\" data-element_type=\"widget\" data-settings=\"{&quot;_animation&quot;:&quot;fadeIn&quot;}\" data-widget_type=\"image.default\">\n\t\t\t\t<div class=\"elementor-widget-container\">\n\t\t\t\t\t\t\t\t<div class=\"elementor-image\">\n\t\t\t\t\t\t\t\t\t\t\t\t<img loading=\"lazy\" decoding=\"async\" width=\"600\" height=\"399\" src=\"https:\/\/dibapart.net\/wp-content\/uploads\/2022\/01\/30.jpg\" class=\"attachment-large size-large wp-image-10513\" alt=\"\" srcset=\"https:\/\/dibapart.net\/wp-content\/uploads\/2022\/01\/30.jpg 600w, https:\/\/dibapart.net\/wp-content\/uploads\/2022\/01\/30-300x200.jpg 300w, https:\/\/dibapart.net\/wp-content\/uploads\/2022\/01\/30-480x319.jpg 480w\" sizes=\"auto, (max-width: 600px) 100vw, 600px\" title=\"\" \/>\t\t\t\t\t\t\t\t\t\t\t\t\t\t<\/div>\n\t\t\t\t\t\t<\/div>\n\t\t\t\t<\/div>\n\t\t\t\t\t\t<\/div>\n\t\t\t\t\t<\/div>\n\t\t<\/div>\n\t\t\t\t\t\t\t\t<\/div>\n\t\t\t\t\t<\/div>\n\t\t<\/section>\n\t\t\t\t<section class=\"elementor-section elementor-top-section elementor-element elementor-element-d8e62d3 elementor-section-full_width elementor-section-height-default elementor-section-height-default\" data-id=\"d8e62d3\" data-element_type=\"section\" data-settings=\"{&quot;_ha_eqh_enable&quot;:false}\">\n\t\t\t\t\t\t<div class=\"elementor-container elementor-column-gap-default\">\n\t\t\t\t\t\t\t<div class=\"elementor-row\">\n\t\t\t\t\t<div class=\"elementor-column elementor-col-100 elementor-top-column elementor-element elementor-element-7a80c2b\" data-id=\"7a80c2b\" data-element_type=\"column\">\n\t\t\t<div class=\"elementor-column-wrap elementor-element-populated\">\n\t\t\t\t\t\t\t<div class=\"elementor-widget-wrap\">\n\t\t\t\t\t\t<div class=\"elementor-element elementor-element-6e3ead7 elementor-widget elementor-widget-ha-logo-carousel happy-addon ha-logo-carousel happy-addon-pro\" data-id=\"6e3ead7\" data-element_type=\"widget\" data-settings=\"{&quot;navigation&quot;:&quot;none&quot;,&quot;slides_to_show&quot;:&quot;4&quot;,&quot;slides_to_show_tablet&quot;:&quot;2&quot;,&quot;animation_speed&quot;:800,&quot;autoplay&quot;:&quot;yes&quot;,&quot;autoplay_speed&quot;:2000,&quot;loop&quot;:&quot;yes&quot;,&quot;slides_to_show_mobile&quot;:2}\" data-widget_type=\"ha-logo-carousel.default\">\n\t\t\t\t<div class=\"elementor-widget-container\">\n\t\t\t\n        <div data-ha_rcc_uid=\"\" class=\"ha-logo-carousel-wrap\">\n            \t\t\t\t<div class=\"ha-slick-slide\">\n\t\t\t\t\t\n\t\t\t\t\t\t<div class=\"ha-logo-carousel-item\">\n\t\t\t\t\t\t\t<img\n\t\t\t\t\t\t\t\tsrc=\"https:\/\/dibapart.net\/wp-content\/uploads\/2022\/01\/58.png\"\n\t\t\t\t\t\t\t\tclass=\"elementor-animation-\"\n\t\t\t\t\t\t\t\ttitle=\"\"\n\t\t\t\t\t\t\t\talt=\"\"\n\t\t\t\t\t\t\t>\n\t\t\t\t\t\t<\/div>\n\n\t\t\t\t\t                <\/div>\n\n                \t\t\t\t<div class=\"ha-slick-slide\">\n\t\t\t\t\t\n\t\t\t\t\t\t<div class=\"ha-logo-carousel-item\">\n\t\t\t\t\t\t\t<img\n\t\t\t\t\t\t\t\tsrc=\"https:\/\/dibapart.net\/wp-content\/uploads\/2022\/01\/47-1.png\"\n\t\t\t\t\t\t\t\tclass=\"elementor-animation-\"\n\t\t\t\t\t\t\t\ttitle=\"\"\n\t\t\t\t\t\t\t\talt=\"\"\n\t\t\t\t\t\t\t>\n\t\t\t\t\t\t<\/div>\n\n\t\t\t\t\t                <\/div>\n\n                \t\t\t\t<div class=\"ha-slick-slide\">\n\t\t\t\t\t\n\t\t\t\t\t\t<div class=\"ha-logo-carousel-item\">\n\t\t\t\t\t\t\t<img\n\t\t\t\t\t\t\t\tsrc=\"https:\/\/dibapart.net\/wp-content\/uploads\/2022\/01\/741.png\"\n\t\t\t\t\t\t\t\tclass=\"elementor-animation-\"\n\t\t\t\t\t\t\t\ttitle=\"\"\n\t\t\t\t\t\t\t\talt=\"\"\n\t\t\t\t\t\t\t>\n\t\t\t\t\t\t<\/div>\n\n\t\t\t\t\t                <\/div>\n\n                \t\t\t\t<div class=\"ha-slick-slide\">\n\t\t\t\t\t\n\t\t\t\t\t\t<div class=\"ha-logo-carousel-item\">\n\t\t\t\t\t\t\t<img\n\t\t\t\t\t\t\t\tsrc=\"https:\/\/dibapart.net\/wp-content\/uploads\/2022\/01\/85.png\"\n\t\t\t\t\t\t\t\tclass=\"elementor-animation-\"\n\t\t\t\t\t\t\t\ttitle=\"\"\n\t\t\t\t\t\t\t\talt=\"\"\n\t\t\t\t\t\t\t>\n\t\t\t\t\t\t<\/div>\n\n\t\t\t\t\t                <\/div>\n\n                \t\t\t\t<div class=\"ha-slick-slide\">\n\t\t\t\t\t\n\t\t\t\t\t\t<div class=\"ha-logo-carousel-item\">\n\t\t\t\t\t\t\t<img\n\t\t\t\t\t\t\t\tsrc=\"https:\/\/dibapart.net\/wp-content\/uploads\/2022\/01\/11-1.png\"\n\t\t\t\t\t\t\t\tclass=\"elementor-animation-\"\n\t\t\t\t\t\t\t\ttitle=\"\"\n\t\t\t\t\t\t\t\talt=\"\"\n\t\t\t\t\t\t\t>\n\t\t\t\t\t\t<\/div>\n\n\t\t\t\t\t                <\/div>\n\n                        <\/div>\n\n        \t\t<\/div>\n\t\t\t\t<\/div>\n\t\t\t\t\t\t<\/div>\n\t\t\t\t\t<\/div>\n\t\t<\/div>\n\t\t\t\t\t\t\t\t<\/div>\n\t\t\t\t\t<\/div>\n\t\t<\/section>\n\t\t\t\t<section class=\"elementor-section elementor-top-section elementor-element elementor-element-3082113 elementor-section-full_width elementor-section-height-default elementor-section-height-default\" data-id=\"3082113\" data-element_type=\"section\" data-settings=\"{&quot;_ha_eqh_enable&quot;:false}\">\n\t\t\t\t\t\t<div class=\"elementor-container elementor-column-gap-default\">\n\t\t\t\t\t\t\t<div class=\"elementor-row\">\n\t\t\t\t\t<div class=\"elementor-column elementor-col-100 elementor-top-column elementor-element elementor-element-c0597ae\" data-id=\"c0597ae\" data-element_type=\"column\">\n\t\t\t<div class=\"elementor-column-wrap elementor-element-populated\">\n\t\t\t\t\t\t\t<div class=\"elementor-widget-wrap\">\n\t\t\t\t\t\t<div class=\"elementor-element elementor-element-f8fb57e elementor-widget elementor-widget-ha-logo-carousel happy-addon ha-logo-carousel happy-addon-pro\" data-id=\"f8fb57e\" data-element_type=\"widget\" data-settings=\"{&quot;navigation&quot;:&quot;none&quot;,&quot;slides_to_show&quot;:&quot;4&quot;,&quot;slides_to_show_tablet&quot;:&quot;2&quot;,&quot;animation_speed&quot;:800,&quot;autoplay&quot;:&quot;yes&quot;,&quot;autoplay_speed&quot;:2000,&quot;loop&quot;:&quot;yes&quot;,&quot;slides_to_show_mobile&quot;:2}\" data-widget_type=\"ha-logo-carousel.default\">\n\t\t\t\t<div class=\"elementor-widget-container\">\n\t\t\t\n        <div data-ha_rcc_uid=\"\" class=\"ha-logo-carousel-wrap\">\n            \t\t\t\t<div class=\"ha-slick-slide\">\n\t\t\t\t\t\n\t\t\t\t\t\t<div class=\"ha-logo-carousel-item\">\n\t\t\t\t\t\t\t<img\n\t\t\t\t\t\t\t\tsrc=\"https:\/\/dibapart.net\/wp-content\/uploads\/2022\/01\/12-1.png\"\n\t\t\t\t\t\t\t\tclass=\"elementor-animation-\"\n\t\t\t\t\t\t\t\ttitle=\"\"\n\t\t\t\t\t\t\t\talt=\"\"\n\t\t\t\t\t\t\t>\n\t\t\t\t\t\t<\/div>\n\n\t\t\t\t\t                <\/div>\n\n                \t\t\t\t<div class=\"ha-slick-slide\">\n\t\t\t\t\t\n\t\t\t\t\t\t<div class=\"ha-logo-carousel-item\">\n\t\t\t\t\t\t\t<img\n\t\t\t\t\t\t\t\tsrc=\"https:\/\/dibapart.net\/wp-content\/uploads\/2022\/01\/13-1.png\"\n\t\t\t\t\t\t\t\tclass=\"elementor-animation-\"\n\t\t\t\t\t\t\t\ttitle=\"\"\n\t\t\t\t\t\t\t\talt=\"\"\n\t\t\t\t\t\t\t>\n\t\t\t\t\t\t<\/div>\n\n\t\t\t\t\t                <\/div>\n\n                \t\t\t\t<div class=\"ha-slick-slide\">\n\t\t\t\t\t\n\t\t\t\t\t\t<div class=\"ha-logo-carousel-item\">\n\t\t\t\t\t\t\t<img\n\t\t\t\t\t\t\t\tsrc=\"https:\/\/dibapart.net\/wp-content\/uploads\/2022\/01\/14-1.png\"\n\t\t\t\t\t\t\t\tclass=\"elementor-animation-\"\n\t\t\t\t\t\t\t\ttitle=\"\"\n\t\t\t\t\t\t\t\talt=\"\"\n\t\t\t\t\t\t\t>\n\t\t\t\t\t\t<\/div>\n\n\t\t\t\t\t                <\/div>\n\n                \t\t\t\t<div class=\"ha-slick-slide\">\n\t\t\t\t\t\n\t\t\t\t\t\t<div class=\"ha-logo-carousel-item\">\n\t\t\t\t\t\t\t<img\n\t\t\t\t\t\t\t\tsrc=\"https:\/\/dibapart.net\/wp-content\/uploads\/2022\/01\/15-1.png\"\n\t\t\t\t\t\t\t\tclass=\"elementor-animation-\"\n\t\t\t\t\t\t\t\ttitle=\"\"\n\t\t\t\t\t\t\t\talt=\"\"\n\t\t\t\t\t\t\t>\n\t\t\t\t\t\t<\/div>\n\n\t\t\t\t\t                <\/div>\n\n                        <\/div>\n\n        \t\t<\/div>\n\t\t\t\t<\/div>\n\t\t\t\t\t\t<\/div>\n\t\t\t\t\t<\/div>\n\t\t<\/div>\n\t\t\t\t\t\t\t\t<\/div>\n\t\t\t\t\t<\/div>\n\t\t<\/section>\n\t\t\t\t\t\t\t\t\t<\/div>\n\t\t\t<\/div>\n\t\t\t\t\t<\/div>","protected":false},"excerpt":{"rendered":"<p>Crane and lifting equipment CRANE AND Lifting equipment,\u00a0 safety, keyword of heavy equipment Equipment including: lifting cranes, hydraulic\/pneumatic lifting cylinders, Trucks, lifting slings, handling forks, Lifting Clams, lifting shackles, nuts and bolts, chains, master links \u00a0By confirmed international standards and certificates. \u00a0<\/p>","protected":false},"author":1,"featured_media":0,"parent":0,"menu_order":0,"comment_status":"closed","ping_status":"closed","template":"elementor_header_footer","meta":{"footnotes":""},"class_list":["post-9725","page","type-page","status-publish","hentry"],"yoast_head":"<!-- This site is optimized with the Yoast SEO Premium plugin v20.8 (Yoast SEO v20.9) - https:\/\/yoast.com\/wordpress\/plugins\/seo\/ -->\n<title>Lifting Equipment - Dibapart<\/title>\n<meta name=\"robots\" content=\"index, follow, max-snippet:-1, max-image-preview:large, max-video-preview:-1\" \/>\n<link rel=\"canonical\" href=\"https:\/\/dibapart.net\/de\/lifting-equipment\/\" \/>\n<meta property=\"og:locale\" content=\"de_DE\" \/>\n<meta property=\"og:type\" content=\"article\" \/>\n<meta property=\"og:title\" content=\"Lifting Equipment\" \/>\n<meta property=\"og:description\" content=\"Crane and lifting equipment CRANE AND Lifting equipment,\u00a0 safety, keyword of heavy equipment Equipment including: lifting cranes, hydraulic\/pneumatic lifting cylinders, Trucks, lifting slings, handling forks, Lifting Clams, lifting shackles, nuts and bolts, chains, master links \u00a0By confirmed international standards and certificates. \u00a0\" \/>\n<meta property=\"og:url\" content=\"https:\/\/dibapart.net\/de\/lifting-equipment\/\" \/>\n<meta property=\"og:site_name\" content=\"Dibapart\" \/>\n<meta property=\"article:modified_time\" content=\"2022-01-30T06:14:50+00:00\" \/>\n<meta property=\"og:image\" content=\"http:\/\/dibapart.net\/wp-content\/uploads\/2022\/01\/29.jpg\" \/>\n<meta name=\"twitter:card\" content=\"summary_large_image\" \/>\n<meta name=\"twitter:label1\" content=\"Gesch\u00e4tzte Lesezeit\" \/>\n\t<meta name=\"twitter:data1\" content=\"5\u00a0Minuten\" \/>\n<script type=\"application\/ld+json\" class=\"yoast-schema-graph\">{\"@context\":\"https:\/\/schema.org\",\"@graph\":[{\"@type\":\"WebPage\",\"@id\":\"https:\/\/dibapart.net\/lifting-equipment\/\",\"url\":\"https:\/\/dibapart.net\/lifting-equipment\/\",\"name\":\"Lifting Equipment - Dibapart\",\"isPartOf\":{\"@id\":\"https:\/\/dibapart.net\/#website\"},\"datePublished\":\"2022-01-11T21:29:09+00:00\",\"dateModified\":\"2022-01-30T06:14:50+00:00\",\"breadcrumb\":{\"@id\":\"https:\/\/dibapart.net\/lifting-equipment\/#breadcrumb\"},\"inLanguage\":\"de\",\"potentialAction\":[{\"@type\":\"ReadAction\",\"target\":[\"https:\/\/dibapart.net\/lifting-equipment\/\"]}]},{\"@type\":\"BreadcrumbList\",\"@id\":\"https:\/\/dibapart.net\/lifting-equipment\/#breadcrumb\",\"itemListElement\":[{\"@type\":\"ListItem\",\"position\":1,\"name\":\"Home\",\"item\":\"https:\/\/dibapart.net\/\"},{\"@type\":\"ListItem\",\"position\":2,\"name\":\"Lifting Equipment\"}]},{\"@type\":\"WebSite\",\"@id\":\"https:\/\/dibapart.net\/#website\",\"url\":\"https:\/\/dibapart.net\/\",\"name\":\"Dibapart\",\"description\":\"engineering and Trading company\",\"potentialAction\":[{\"@type\":\"SearchAction\",\"target\":{\"@type\":\"EntryPoint\",\"urlTemplate\":\"https:\/\/dibapart.net\/?s={search_term_string}\"},\"query-input\":\"required name=search_term_string\"}],\"inLanguage\":\"de\"}]}<\/script>\n<!-- \/ Yoast SEO Premium plugin. -->","yoast_head_json":{"title":"Lifting Equipment - Dibapart","robots":{"index":"index","follow":"follow","max-snippet":"max-snippet:-1","max-image-preview":"max-image-preview:large","max-video-preview":"max-video-preview:-1"},"canonical":"https:\/\/dibapart.net\/de\/lifting-equipment\/","og_locale":"de_DE","og_type":"article","og_title":"Lifting Equipment","og_description":"Crane and lifting equipment CRANE AND Lifting equipment,\u00a0 safety, keyword of heavy equipment Equipment including: lifting cranes, hydraulic\/pneumatic lifting cylinders, Trucks, lifting slings, handling forks, Lifting Clams, lifting shackles, nuts and bolts, chains, master links \u00a0By confirmed international standards and certificates. \u00a0","og_url":"https:\/\/dibapart.net\/de\/lifting-equipment\/","og_site_name":"Dibapart","article_modified_time":"2022-01-30T06:14:50+00:00","og_image":[{"url":"http:\/\/dibapart.net\/wp-content\/uploads\/2022\/01\/29.jpg"}],"twitter_card":"summary_large_image","twitter_misc":{"Gesch\u00e4tzte Lesezeit":"5\u00a0Minuten"},"schema":{"@context":"https:\/\/schema.org","@graph":[{"@type":"WebPage","@id":"https:\/\/dibapart.net\/lifting-equipment\/","url":"https:\/\/dibapart.net\/lifting-equipment\/","name":"Lifting Equipment - Dibapart","isPartOf":{"@id":"https:\/\/dibapart.net\/#website"},"datePublished":"2022-01-11T21:29:09+00:00","dateModified":"2022-01-30T06:14:50+00:00","breadcrumb":{"@id":"https:\/\/dibapart.net\/lifting-equipment\/#breadcrumb"},"inLanguage":"de","potentialAction":[{"@type":"ReadAction","target":["https:\/\/dibapart.net\/lifting-equipment\/"]}]},{"@type":"BreadcrumbList","@id":"https:\/\/dibapart.net\/lifting-equipment\/#breadcrumb","itemListElement":[{"@type":"ListItem","position":1,"name":"Home","item":"https:\/\/dibapart.net\/"},{"@type":"ListItem","position":2,"name":"Lifting Equipment"}]},{"@type":"WebSite","@id":"https:\/\/dibapart.net\/#website","url":"https:\/\/dibapart.net\/","name":"Dibapart","description":"engineering and Trading company","potentialAction":[{"@type":"SearchAction","target":{"@type":"EntryPoint","urlTemplate":"https:\/\/dibapart.net\/?s={search_term_string}"},"query-input":"required name=search_term_string"}],"inLanguage":"de"}]}},"_links":{"self":[{"href":"https:\/\/dibapart.net\/de\/wp-json\/wp\/v2\/pages\/9725","targetHints":{"allow":["GET"]}}],"collection":[{"href":"https:\/\/dibapart.net\/de\/wp-json\/wp\/v2\/pages"}],"about":[{"href":"https:\/\/dibapart.net\/de\/wp-json\/wp\/v2\/types\/page"}],"author":[{"embeddable":true,"href":"https:\/\/dibapart.net\/de\/wp-json\/wp\/v2\/users\/1"}],"replies":[{"embeddable":true,"href":"https:\/\/dibapart.net\/de\/wp-json\/wp\/v2\/comments?post=9725"}],"version-history":[{"count":0,"href":"https:\/\/dibapart.net\/de\/wp-json\/wp\/v2\/pages\/9725\/revisions"}],"wp:attachment":[{"href":"https:\/\/dibapart.net\/de\/wp-json\/wp\/v2\/media?parent=9725"}],"curies":[{"name":"wp","href":"https:\/\/api.w.org\/{rel}","templated":true}]}}