{"id":9717,"date":"2022-01-11T21:16:48","date_gmt":"2022-01-11T21:16:48","guid":{"rendered":"http:\/\/dibapart.net\/?page_id=9717"},"modified":"2022-01-30T07:51:36","modified_gmt":"2022-01-30T07:51:36","slug":"valves-and-fittings","status":"publish","type":"page","link":"https:\/\/dibapart.net\/de\/valves-and-fittings\/","title":{"rendered":"Ventile und Armaturen"},"content":{"rendered":"<div data-elementor-type=\"wp-page\" data-elementor-id=\"9717\" class=\"elementor elementor-9717\">\n\t\t\t\t\t\t<div class=\"elementor-inner\">\n\t\t\t\t<div class=\"elementor-section-wrap\">\n\t\t\t\t\t\t\t\t\t<section class=\"elementor-section elementor-top-section elementor-element elementor-element-ea5e655 elementor-section-full_width elementor-section-stretched elementor-section-height-default elementor-section-height-default\" data-id=\"ea5e655\" data-element_type=\"section\" data-settings=\"{&quot;stretch_section&quot;:&quot;section-stretched&quot;,&quot;_ha_eqh_enable&quot;:false}\">\n\t\t\t\t\t\t<div class=\"elementor-container elementor-column-gap-default\">\n\t\t\t\t\t\t\t<div class=\"elementor-row\">\n\t\t\t\t\t<div class=\"elementor-column elementor-col-100 elementor-top-column elementor-element elementor-element-3b3b04d\" data-id=\"3b3b04d\" data-element_type=\"column\">\n\t\t\t<div class=\"elementor-column-wrap elementor-element-populated\">\n\t\t\t\t\t\t\t<div class=\"elementor-widget-wrap\">\n\t\t\t\t\t\t<div class=\"elementor-element elementor-element-e95110d elementor-widget elementor-widget-image\" data-id=\"e95110d\" data-element_type=\"widget\" data-widget_type=\"image.default\">\n\t\t\t\t<div class=\"elementor-widget-container\">\n\t\t\t<style>\/*! elementor - v3.17.0 - 25-10-2023 *\/\n.elementor-widget-image{text-align:center}.elementor-widget-image a{display:inline-block}.elementor-widget-image a img[src$=\".svg\"]{width:48px}.elementor-widget-image img{vertical-align:middle;display:inline-block}<\/style>\t\t\t\t\t<div class=\"elementor-image\">\n\t\t\t\t\t\t\t\t\t\t\t\t<img loading=\"lazy\" decoding=\"async\" width=\"1920\" height=\"880\" src=\"https:\/\/dibapart.net\/wp-content\/uploads\/2022\/01\/18.jpg\" class=\"attachment-full size-full wp-image-10487\" alt=\"\" srcset=\"https:\/\/dibapart.net\/wp-content\/uploads\/2022\/01\/18.jpg 1920w, https:\/\/dibapart.net\/wp-content\/uploads\/2022\/01\/18-300x138.jpg 300w, https:\/\/dibapart.net\/wp-content\/uploads\/2022\/01\/18-1030x472.jpg 1030w, https:\/\/dibapart.net\/wp-content\/uploads\/2022\/01\/18-768x352.jpg 768w, https:\/\/dibapart.net\/wp-content\/uploads\/2022\/01\/18-1536x704.jpg 1536w, https:\/\/dibapart.net\/wp-content\/uploads\/2022\/01\/18-480x220.jpg 480w\" sizes=\"auto, (max-width: 1920px) 100vw, 1920px\" title=\"\" \/>\t\t\t\t\t\t\t\t\t\t\t\t\t\t<\/div>\n\t\t\t\t\t\t<\/div>\n\t\t\t\t<\/div>\n\t\t\t\t\t\t<\/div>\n\t\t\t\t\t<\/div>\n\t\t<\/div>\n\t\t\t\t\t\t\t\t<\/div>\n\t\t\t\t\t<\/div>\n\t\t<\/section>\n\t\t\t\t<section class=\"elementor-section elementor-top-section elementor-element elementor-element-7487b74 elementor-section-full_width elementor-section-height-default elementor-section-height-default\" data-id=\"7487b74\" data-element_type=\"section\" data-settings=\"{&quot;_ha_eqh_enable&quot;:false}\">\n\t\t\t\t\t\t<div class=\"elementor-container elementor-column-gap-default\">\n\t\t\t\t\t\t\t<div class=\"elementor-row\">\n\t\t\t\t\t<div class=\"elementor-column elementor-col-50 elementor-top-column elementor-element elementor-element-e2d6c75 animated-slow elementor-invisible\" data-id=\"e2d6c75\" data-element_type=\"column\" data-settings=\"{&quot;animation&quot;:&quot;fadeIn&quot;}\">\n\t\t\t<div class=\"elementor-column-wrap elementor-element-populated\">\n\t\t\t\t\t\t\t<div class=\"elementor-widget-wrap\">\n\t\t\t\t\t\t<div class=\"elementor-element elementor-element-87059cc elementor-widget elementor-widget-heading\" data-id=\"87059cc\" data-element_type=\"widget\" data-widget_type=\"heading.default\">\n\t\t\t\t<div class=\"elementor-widget-container\">\n\t\t\t<style>\/*! elementor - v3.17.0 - 25-10-2023 *\/\n.elementor-heading-title{padding:0;margin:0;line-height:1}.elementor-widget-heading .elementor-heading-title[class*=elementor-size-]>a{color:inherit;font-size:inherit;line-height:inherit}.elementor-widget-heading .elementor-heading-title.elementor-size-small{font-size:15px}.elementor-widget-heading .elementor-heading-title.elementor-size-medium{font-size:19px}.elementor-widget-heading .elementor-heading-title.elementor-size-large{font-size:29px}.elementor-widget-heading .elementor-heading-title.elementor-size-xl{font-size:39px}.elementor-widget-heading .elementor-heading-title.elementor-size-xxl{font-size:59px}<\/style><h2 class=\"elementor-heading-title elementor-size-default\">Ventile und Armaturen<\/h2>\t\t<\/div>\n\t\t\t\t<\/div>\n\t\t\t\t<div class=\"elementor-element elementor-element-464f58dc animated-slow elementor-invisible elementor-widget elementor-widget-text-editor\" data-id=\"464f58dc\" data-element_type=\"widget\" data-settings=\"{&quot;_animation&quot;:&quot;fadeInUp&quot;}\" data-widget_type=\"text-editor.default\">\n\t\t\t\t<div class=\"elementor-widget-container\">\n\t\t\t<style>\/*! elementor - v3.17.0 - 25-10-2023 *\/\n.elementor-widget-text-editor.elementor-drop-cap-view-stacked .elementor-drop-cap{background-color:#69727d;color:#fff}.elementor-widget-text-editor.elementor-drop-cap-view-framed .elementor-drop-cap{color:#69727d;border:3px solid;background-color:transparent}.elementor-widget-text-editor:not(.elementor-drop-cap-view-default) .elementor-drop-cap{margin-top:8px}.elementor-widget-text-editor:not(.elementor-drop-cap-view-default) .elementor-drop-cap-letter{width:1em;height:1em}.elementor-widget-text-editor .elementor-drop-cap{float:left;text-align:center;line-height:1;font-size:50px}.elementor-widget-text-editor .elementor-drop-cap-letter{display:inline-block}<\/style>\t\t\t\t\t<div class=\"elementor-text-editor elementor-clearfix\">\n\t\t\t\t<p style=\"text-align: justify;\"><strong>Ventile und Armaturen, Ingenieur, wie man flie\u00dft<\/strong><\/p><p style=\"text-align: justify;\">Die Bedeutung der Str\u00f6mungstechnik und der Auswahl der richtigen Ventile und Armaturen f\u00fchrt dazu, dass Benutzer unterschiedliche Ventiltypen in einem System ben\u00f6tigen. Unsere Vielfalt an Marken und Herstellern hilft Benutzern dabei, alle Arten von Ventilen und Armaturen zu erhalten, die sie ben\u00f6tigen.<\/p><p style=\"text-align: justify;\">Wir haben Erfahrung in der Lieferung aller Arten von Fittings (B\u00f6gen, T-St\u00fccke, Y-St\u00fccke, Kreuzst\u00fccke, Kupplungen, Verschraubungen, Klemmringverschraubungen, Kappen, Stopfen (und Ventile), Absperrklappen, R\u00fcckschlagventile, Absperrschieber, Plattenschieber, Kugelventile, Nadeln Ventil, Quetschventil, das dem Benutzer eine gro\u00dfe Auswahl bietet.<\/p>\t\t\t\t\t<\/div>\n\t\t\t\t\t\t<\/div>\n\t\t\t\t<\/div>\n\t\t\t\t\t\t<\/div>\n\t\t\t\t\t<\/div>\n\t\t<\/div>\n\t\t\t\t<div class=\"elementor-column elementor-col-50 elementor-top-column elementor-element elementor-element-bf7c971 animated-slow elementor-invisible\" data-id=\"bf7c971\" data-element_type=\"column\" data-settings=\"{&quot;animation&quot;:&quot;fadeIn&quot;}\">\n\t\t\t<div class=\"elementor-column-wrap elementor-element-populated\">\n\t\t\t\t\t\t\t<div class=\"elementor-widget-wrap\">\n\t\t\t\t\t\t<div class=\"elementor-element elementor-element-bb86ffd elementor-invisible elementor-widget elementor-widget-image\" data-id=\"bb86ffd\" data-element_type=\"widget\" data-settings=\"{&quot;_animation&quot;:&quot;fadeIn&quot;}\" data-widget_type=\"image.default\">\n\t\t\t\t<div class=\"elementor-widget-container\">\n\t\t\t\t\t\t\t\t<div class=\"elementor-image\">\n\t\t\t\t\t\t\t\t\t\t\t\t<img loading=\"lazy\" decoding=\"async\" width=\"800\" height=\"460\" src=\"https:\/\/dibapart.net\/wp-content\/uploads\/2022\/01\/19.jpg\" class=\"attachment-large size-large wp-image-10491\" alt=\"\" srcset=\"https:\/\/dibapart.net\/wp-content\/uploads\/2022\/01\/19.jpg 800w, https:\/\/dibapart.net\/wp-content\/uploads\/2022\/01\/19-300x173.jpg 300w, https:\/\/dibapart.net\/wp-content\/uploads\/2022\/01\/19-768x442.jpg 768w, https:\/\/dibapart.net\/wp-content\/uploads\/2022\/01\/19-480x276.jpg 480w\" sizes=\"auto, (max-width: 800px) 100vw, 800px\" title=\"\" \/>\t\t\t\t\t\t\t\t\t\t\t\t\t\t<\/div>\n\t\t\t\t\t\t<\/div>\n\t\t\t\t<\/div>\n\t\t\t\t\t\t<\/div>\n\t\t\t\t\t<\/div>\n\t\t<\/div>\n\t\t\t\t\t\t\t\t<\/div>\n\t\t\t\t\t<\/div>\n\t\t<\/section>\n\t\t\t\t<section class=\"elementor-section elementor-top-section elementor-element elementor-element-bcb85c5 elementor-section-boxed elementor-section-height-default elementor-section-height-default\" data-id=\"bcb85c5\" data-element_type=\"section\" data-settings=\"{&quot;_ha_eqh_enable&quot;:false}\">\n\t\t\t\t\t\t<div class=\"elementor-container elementor-column-gap-default\">\n\t\t\t\t\t\t\t<div class=\"elementor-row\">\n\t\t\t\t\t<div class=\"elementor-column elementor-col-100 elementor-top-column elementor-element elementor-element-04e8b73\" data-id=\"04e8b73\" data-element_type=\"column\">\n\t\t\t<div class=\"elementor-column-wrap elementor-element-populated\">\n\t\t\t\t\t\t\t<div class=\"elementor-widget-wrap\">\n\t\t\t\t\t\t<div class=\"elementor-element elementor-element-deb9372 elementor-widget elementor-widget-ha-logo-carousel happy-addon ha-logo-carousel happy-addon-pro\" data-id=\"deb9372\" data-element_type=\"widget\" data-settings=\"{&quot;navigation&quot;:&quot;none&quot;,&quot;slides_to_show&quot;:&quot;4&quot;,&quot;slides_to_show_tablet&quot;:&quot;2&quot;,&quot;animation_speed&quot;:800,&quot;autoplay&quot;:&quot;yes&quot;,&quot;autoplay_speed&quot;:2000,&quot;loop&quot;:&quot;yes&quot;,&quot;slides_to_show_mobile&quot;:2}\" data-widget_type=\"ha-logo-carousel.default\">\n\t\t\t\t<div class=\"elementor-widget-container\">\n\t\t\t\n        <div data-ha_rcc_uid=\"\" class=\"ha-logo-carousel-wrap\">\n            \t\t\t\t<div class=\"ha-slick-slide\">\n\t\t\t\t\t\n\t\t\t\t\t\t<div class=\"ha-logo-carousel-item\">\n\t\t\t\t\t\t\t<img\n\t\t\t\t\t\t\t\tsrc=\"https:\/\/dibapart.net\/wp-content\/uploads\/2022\/01\/1-1.png\"\n\t\t\t\t\t\t\t\tclass=\"elementor-animation-\"\n\t\t\t\t\t\t\t\ttitle=\"\"\n\t\t\t\t\t\t\t\talt=\"\"\n\t\t\t\t\t\t\t>\n\t\t\t\t\t\t<\/div>\n\n\t\t\t\t\t                <\/div>\n\n                \t\t\t\t<div class=\"ha-slick-slide\">\n\t\t\t\t\t\n\t\t\t\t\t\t<div class=\"ha-logo-carousel-item\">\n\t\t\t\t\t\t\t<img\n\t\t\t\t\t\t\t\tsrc=\"https:\/\/dibapart.net\/wp-content\/uploads\/2022\/01\/2-1.png\"\n\t\t\t\t\t\t\t\tclass=\"elementor-animation-\"\n\t\t\t\t\t\t\t\ttitle=\"\"\n\t\t\t\t\t\t\t\talt=\"\"\n\t\t\t\t\t\t\t>\n\t\t\t\t\t\t<\/div>\n\n\t\t\t\t\t                <\/div>\n\n                \t\t\t\t<div class=\"ha-slick-slide\">\n\t\t\t\t\t\n\t\t\t\t\t\t<div class=\"ha-logo-carousel-item\">\n\t\t\t\t\t\t\t<img\n\t\t\t\t\t\t\t\tsrc=\"https:\/\/dibapart.net\/wp-content\/uploads\/2022\/01\/3-1.png\"\n\t\t\t\t\t\t\t\tclass=\"elementor-animation-\"\n\t\t\t\t\t\t\t\ttitle=\"\"\n\t\t\t\t\t\t\t\talt=\"\"\n\t\t\t\t\t\t\t>\n\t\t\t\t\t\t<\/div>\n\n\t\t\t\t\t                <\/div>\n\n                \t\t\t\t<div class=\"ha-slick-slide\">\n\t\t\t\t\t\n\t\t\t\t\t\t<div class=\"ha-logo-carousel-item\">\n\t\t\t\t\t\t\t<img\n\t\t\t\t\t\t\t\tsrc=\"https:\/\/dibapart.net\/wp-content\/uploads\/2022\/01\/4-1.png\"\n\t\t\t\t\t\t\t\tclass=\"elementor-animation-\"\n\t\t\t\t\t\t\t\ttitle=\"\"\n\t\t\t\t\t\t\t\talt=\"\"\n\t\t\t\t\t\t\t>\n\t\t\t\t\t\t<\/div>\n\n\t\t\t\t\t                <\/div>\n\n                \t\t\t\t<div class=\"ha-slick-slide\">\n\t\t\t\t\t\n\t\t\t\t\t\t<div class=\"ha-logo-carousel-item\">\n\t\t\t\t\t\t\t<img\n\t\t\t\t\t\t\t\tsrc=\"https:\/\/dibapart.net\/wp-content\/uploads\/2022\/01\/6-1.png\"\n\t\t\t\t\t\t\t\tclass=\"elementor-animation-\"\n\t\t\t\t\t\t\t\ttitle=\"\"\n\t\t\t\t\t\t\t\talt=\"\"\n\t\t\t\t\t\t\t>\n\t\t\t\t\t\t<\/div>\n\n\t\t\t\t\t                <\/div>\n\n                \t\t\t\t<div class=\"ha-slick-slide\">\n\t\t\t\t\t\n\t\t\t\t\t\t<div class=\"ha-logo-carousel-item\">\n\t\t\t\t\t\t\t<img\n\t\t\t\t\t\t\t\tsrc=\"https:\/\/dibapart.net\/wp-content\/uploads\/2022\/01\/7-1.png\"\n\t\t\t\t\t\t\t\tclass=\"elementor-animation-\"\n\t\t\t\t\t\t\t\ttitle=\"\"\n\t\t\t\t\t\t\t\talt=\"\"\n\t\t\t\t\t\t\t>\n\t\t\t\t\t\t<\/div>\n\n\t\t\t\t\t                <\/div>\n\n                \t\t\t\t<div class=\"ha-slick-slide\">\n\t\t\t\t\t\n\t\t\t\t\t\t<div class=\"ha-logo-carousel-item\">\n\t\t\t\t\t\t\t<img\n\t\t\t\t\t\t\t\tsrc=\"https:\/\/dibapart.net\/wp-content\/uploads\/2022\/01\/8.png\"\n\t\t\t\t\t\t\t\tclass=\"elementor-animation-\"\n\t\t\t\t\t\t\t\ttitle=\"\"\n\t\t\t\t\t\t\t\talt=\"\"\n\t\t\t\t\t\t\t>\n\t\t\t\t\t\t<\/div>\n\n\t\t\t\t\t                <\/div>\n\n                \t\t\t\t<div class=\"ha-slick-slide\">\n\t\t\t\t\t\n\t\t\t\t\t\t<div class=\"ha-logo-carousel-item\">\n\t\t\t\t\t\t\t<img\n\t\t\t\t\t\t\t\tsrc=\"https:\/\/dibapart.net\/wp-content\/uploads\/2022\/01\/Untitled-1-2.png\"\n\t\t\t\t\t\t\t\tclass=\"elementor-animation-\"\n\t\t\t\t\t\t\t\ttitle=\"\"\n\t\t\t\t\t\t\t\talt=\"\"\n\t\t\t\t\t\t\t>\n\t\t\t\t\t\t<\/div>\n\n\t\t\t\t\t                <\/div>\n\n                \t\t\t\t<div class=\"ha-slick-slide\">\n\t\t\t\t\t\n\t\t\t\t\t\t<div class=\"ha-logo-carousel-item\">\n\t\t\t\t\t\t\t<img\n\t\t\t\t\t\t\t\tsrc=\"https:\/\/dibapart.net\/wp-content\/uploads\/2022\/01\/874.png\"\n\t\t\t\t\t\t\t\tclass=\"elementor-animation-\"\n\t\t\t\t\t\t\t\ttitle=\"\"\n\t\t\t\t\t\t\t\talt=\"\"\n\t\t\t\t\t\t\t>\n\t\t\t\t\t\t<\/div>\n\n\t\t\t\t\t                <\/div>\n\n                        <\/div>\n\n        \t\t<\/div>\n\t\t\t\t<\/div>\n\t\t\t\t<div class=\"elementor-element elementor-element-a563f74 elementor-widget elementor-widget-ha-logo-carousel happy-addon ha-logo-carousel happy-addon-pro\" data-id=\"a563f74\" data-element_type=\"widget\" data-settings=\"{&quot;navigation&quot;:&quot;none&quot;,&quot;slides_to_show&quot;:&quot;4&quot;,&quot;slides_to_show_tablet&quot;:&quot;2&quot;,&quot;animation_speed&quot;:800,&quot;autoplay&quot;:&quot;yes&quot;,&quot;autoplay_speed&quot;:2000,&quot;loop&quot;:&quot;yes&quot;,&quot;slides_to_show_mobile&quot;:2}\" data-widget_type=\"ha-logo-carousel.default\">\n\t\t\t\t<div class=\"elementor-widget-container\">\n\t\t\t\n        <div data-ha_rcc_uid=\"\" class=\"ha-logo-carousel-wrap\">\n            \t\t\t\t<div class=\"ha-slick-slide\">\n\t\t\t\t\t\n\t\t\t\t\t\t<div class=\"ha-logo-carousel-item\">\n\t\t\t\t\t\t\t<img\n\t\t\t\t\t\t\t\tsrc=\"https:\/\/dibapart.net\/wp-content\/uploads\/2022\/01\/23-1.gif\"\n\t\t\t\t\t\t\t\tclass=\"elementor-animation-\"\n\t\t\t\t\t\t\t\ttitle=\"\"\n\t\t\t\t\t\t\t\talt=\"\"\n\t\t\t\t\t\t\t>\n\t\t\t\t\t\t<\/div>\n\n\t\t\t\t\t                <\/div>\n\n                \t\t\t\t<div class=\"ha-slick-slide\">\n\t\t\t\t\t\n\t\t\t\t\t\t<div class=\"ha-logo-carousel-item\">\n\t\t\t\t\t\t\t<img\n\t\t\t\t\t\t\t\tsrc=\"https:\/\/dibapart.net\/wp-content\/uploads\/2022\/01\/24-1.gif\"\n\t\t\t\t\t\t\t\tclass=\"elementor-animation-\"\n\t\t\t\t\t\t\t\ttitle=\"\"\n\t\t\t\t\t\t\t\talt=\"\"\n\t\t\t\t\t\t\t>\n\t\t\t\t\t\t<\/div>\n\n\t\t\t\t\t                <\/div>\n\n                \t\t\t\t<div class=\"ha-slick-slide\">\n\t\t\t\t\t\n\t\t\t\t\t\t<div class=\"ha-logo-carousel-item\">\n\t\t\t\t\t\t\t<img\n\t\t\t\t\t\t\t\tsrc=\"https:\/\/dibapart.net\/wp-content\/uploads\/2022\/01\/25-1.gif\"\n\t\t\t\t\t\t\t\tclass=\"elementor-animation-\"\n\t\t\t\t\t\t\t\ttitle=\"\"\n\t\t\t\t\t\t\t\talt=\"\"\n\t\t\t\t\t\t\t>\n\t\t\t\t\t\t<\/div>\n\n\t\t\t\t\t                <\/div>\n\n                \t\t\t\t<div class=\"ha-slick-slide\">\n\t\t\t\t\t\n\t\t\t\t\t\t<div class=\"ha-logo-carousel-item\">\n\t\t\t\t\t\t\t<img\n\t\t\t\t\t\t\t\tsrc=\"https:\/\/dibapart.net\/wp-content\/uploads\/2022\/01\/26-1.gif\"\n\t\t\t\t\t\t\t\tclass=\"elementor-animation-\"\n\t\t\t\t\t\t\t\ttitle=\"\"\n\t\t\t\t\t\t\t\talt=\"\"\n\t\t\t\t\t\t\t>\n\t\t\t\t\t\t<\/div>\n\n\t\t\t\t\t                <\/div>\n\n                \t\t\t\t<div class=\"ha-slick-slide\">\n\t\t\t\t\t\n\t\t\t\t\t\t<div class=\"ha-logo-carousel-item\">\n\t\t\t\t\t\t\t<img\n\t\t\t\t\t\t\t\tsrc=\"https:\/\/dibapart.net\/wp-content\/uploads\/2022\/01\/27-1.gif\"\n\t\t\t\t\t\t\t\tclass=\"elementor-animation-\"\n\t\t\t\t\t\t\t\ttitle=\"\"\n\t\t\t\t\t\t\t\talt=\"\"\n\t\t\t\t\t\t\t>\n\t\t\t\t\t\t<\/div>\n\n\t\t\t\t\t                <\/div>\n\n                \t\t\t\t<div class=\"ha-slick-slide\">\n\t\t\t\t\t\n\t\t\t\t\t\t<div class=\"ha-logo-carousel-item\">\n\t\t\t\t\t\t\t<img\n\t\t\t\t\t\t\t\tsrc=\"https:\/\/dibapart.net\/wp-content\/uploads\/2022\/01\/21.png\"\n\t\t\t\t\t\t\t\tclass=\"elementor-animation-\"\n\t\t\t\t\t\t\t\ttitle=\"\"\n\t\t\t\t\t\t\t\talt=\"\"\n\t\t\t\t\t\t\t>\n\t\t\t\t\t\t<\/div>\n\n\t\t\t\t\t                <\/div>\n\n                \t\t\t\t<div class=\"ha-slick-slide\">\n\t\t\t\t\t\n\t\t\t\t\t\t<div class=\"ha-logo-carousel-item\">\n\t\t\t\t\t\t\t<img\n\t\t\t\t\t\t\t\tsrc=\"https:\/\/dibapart.net\/wp-content\/uploads\/2022\/01\/15-2.gif\"\n\t\t\t\t\t\t\t\tclass=\"elementor-animation-\"\n\t\t\t\t\t\t\t\ttitle=\"\"\n\t\t\t\t\t\t\t\talt=\"\"\n\t\t\t\t\t\t\t>\n\t\t\t\t\t\t<\/div>\n\n\t\t\t\t\t                <\/div>\n\n                \t\t\t\t<div class=\"ha-slick-slide\">\n\t\t\t\t\t\n\t\t\t\t\t\t<div class=\"ha-logo-carousel-item\">\n\t\t\t\t\t\t\t<img\n\t\t\t\t\t\t\t\tsrc=\"https:\/\/dibapart.net\/wp-content\/uploads\/2022\/01\/BEL-VALVES-300x300.png\"\n\t\t\t\t\t\t\t\tclass=\"elementor-animation-\"\n\t\t\t\t\t\t\t\ttitle=\"\"\n\t\t\t\t\t\t\t\talt=\"\"\n\t\t\t\t\t\t\t>\n\t\t\t\t\t\t<\/div>\n\n\t\t\t\t\t                <\/div>\n\n                        <\/div>\n\n        \t\t<\/div>\n\t\t\t\t<\/div>\n\t\t\t\t\t\t<\/div>\n\t\t\t\t\t<\/div>\n\t\t<\/div>\n\t\t\t\t\t\t\t\t<\/div>\n\t\t\t\t\t<\/div>\n\t\t<\/section>\n\t\t\t\t\t\t\t\t\t<\/div>\n\t\t\t<\/div>\n\t\t\t\t\t<\/div>","protected":false},"excerpt":{"rendered":"<p>Valves and fitting Valves and fittings,\u00a0 Engineer how to flow Importance of flow Engineering and selection of correct Valves and Fittings causes users to need different Type of Valves in a system. Our variation of Brands and Manufacturers will help Users to achieve every Type of Valves and Fittings That they need. We\u00a0 Have\u00a0 experience\u00a0 [&hellip;]<\/p>","protected":false},"author":1,"featured_media":0,"parent":0,"menu_order":0,"comment_status":"closed","ping_status":"closed","template":"elementor_header_footer","meta":{"footnotes":""},"class_list":["post-9717","page","type-page","status-publish","hentry"],"yoast_head":"<!-- This site is optimized with the Yoast SEO Premium plugin v20.8 (Yoast SEO v20.9) - https:\/\/yoast.com\/wordpress\/plugins\/seo\/ -->\n<title>Valves and fittings - Dibapart<\/title>\n<meta name=\"robots\" content=\"index, follow, max-snippet:-1, max-image-preview:large, max-video-preview:-1\" \/>\n<link rel=\"canonical\" href=\"https:\/\/dibapart.net\/de\/valves-and-fittings\/\" \/>\n<meta property=\"og:locale\" content=\"de_DE\" \/>\n<meta property=\"og:type\" content=\"article\" \/>\n<meta property=\"og:title\" content=\"Valves and fittings\" \/>\n<meta property=\"og:description\" content=\"Valves and fitting Valves and fittings,\u00a0 Engineer how to flow Importance of flow Engineering and selection of correct Valves and Fittings causes users to need different Type of Valves in a system. Our variation of Brands and Manufacturers will help Users to achieve every Type of Valves and Fittings That they need. We\u00a0 Have\u00a0 experience\u00a0 [&hellip;]\" \/>\n<meta property=\"og:url\" content=\"https:\/\/dibapart.net\/de\/valves-and-fittings\/\" \/>\n<meta property=\"og:site_name\" content=\"Dibapart\" \/>\n<meta property=\"article:modified_time\" content=\"2022-01-30T07:51:36+00:00\" \/>\n<meta property=\"og:image\" content=\"http:\/\/dibapart.net\/wp-content\/uploads\/2022\/01\/18.jpg\" \/>\n<meta name=\"twitter:card\" content=\"summary_large_image\" \/>\n<meta name=\"twitter:label1\" content=\"Gesch\u00e4tzte Lesezeit\" \/>\n\t<meta name=\"twitter:data1\" content=\"13\u00a0Minuten\" \/>\n<script type=\"application\/ld+json\" class=\"yoast-schema-graph\">{\"@context\":\"https:\/\/schema.org\",\"@graph\":[{\"@type\":\"WebPage\",\"@id\":\"https:\/\/dibapart.net\/valves-and-fittings\/\",\"url\":\"https:\/\/dibapart.net\/valves-and-fittings\/\",\"name\":\"Valves and fittings - Dibapart\",\"isPartOf\":{\"@id\":\"https:\/\/dibapart.net\/#website\"},\"datePublished\":\"2022-01-11T21:16:48+00:00\",\"dateModified\":\"2022-01-30T07:51:36+00:00\",\"breadcrumb\":{\"@id\":\"https:\/\/dibapart.net\/valves-and-fittings\/#breadcrumb\"},\"inLanguage\":\"de\",\"potentialAction\":[{\"@type\":\"ReadAction\",\"target\":[\"https:\/\/dibapart.net\/valves-and-fittings\/\"]}]},{\"@type\":\"BreadcrumbList\",\"@id\":\"https:\/\/dibapart.net\/valves-and-fittings\/#breadcrumb\",\"itemListElement\":[{\"@type\":\"ListItem\",\"position\":1,\"name\":\"Home\",\"item\":\"https:\/\/dibapart.net\/\"},{\"@type\":\"ListItem\",\"position\":2,\"name\":\"Valves and fittings\"}]},{\"@type\":\"WebSite\",\"@id\":\"https:\/\/dibapart.net\/#website\",\"url\":\"https:\/\/dibapart.net\/\",\"name\":\"Dibapart\",\"description\":\"engineering and Trading company\",\"potentialAction\":[{\"@type\":\"SearchAction\",\"target\":{\"@type\":\"EntryPoint\",\"urlTemplate\":\"https:\/\/dibapart.net\/?s={search_term_string}\"},\"query-input\":\"required name=search_term_string\"}],\"inLanguage\":\"de\"}]}<\/script>\n<!-- \/ Yoast SEO Premium plugin. -->","yoast_head_json":{"title":"Valves and fittings - Dibapart","robots":{"index":"index","follow":"follow","max-snippet":"max-snippet:-1","max-image-preview":"max-image-preview:large","max-video-preview":"max-video-preview:-1"},"canonical":"https:\/\/dibapart.net\/de\/valves-and-fittings\/","og_locale":"de_DE","og_type":"article","og_title":"Valves and fittings","og_description":"Valves and fitting Valves and fittings,\u00a0 Engineer how to flow Importance of flow Engineering and selection of correct Valves and Fittings causes users to need different Type of Valves in a system. Our variation of Brands and Manufacturers will help Users to achieve every Type of Valves and Fittings That they need. We\u00a0 Have\u00a0 experience\u00a0 [&hellip;]","og_url":"https:\/\/dibapart.net\/de\/valves-and-fittings\/","og_site_name":"Dibapart","article_modified_time":"2022-01-30T07:51:36+00:00","og_image":[{"url":"http:\/\/dibapart.net\/wp-content\/uploads\/2022\/01\/18.jpg"}],"twitter_card":"summary_large_image","twitter_misc":{"Gesch\u00e4tzte Lesezeit":"13\u00a0Minuten"},"schema":{"@context":"https:\/\/schema.org","@graph":[{"@type":"WebPage","@id":"https:\/\/dibapart.net\/valves-and-fittings\/","url":"https:\/\/dibapart.net\/valves-and-fittings\/","name":"Valves and fittings - Dibapart","isPartOf":{"@id":"https:\/\/dibapart.net\/#website"},"datePublished":"2022-01-11T21:16:48+00:00","dateModified":"2022-01-30T07:51:36+00:00","breadcrumb":{"@id":"https:\/\/dibapart.net\/valves-and-fittings\/#breadcrumb"},"inLanguage":"de","potentialAction":[{"@type":"ReadAction","target":["https:\/\/dibapart.net\/valves-and-fittings\/"]}]},{"@type":"BreadcrumbList","@id":"https:\/\/dibapart.net\/valves-and-fittings\/#breadcrumb","itemListElement":[{"@type":"ListItem","position":1,"name":"Home","item":"https:\/\/dibapart.net\/"},{"@type":"ListItem","position":2,"name":"Valves and fittings"}]},{"@type":"WebSite","@id":"https:\/\/dibapart.net\/#website","url":"https:\/\/dibapart.net\/","name":"Dibapart","description":"engineering and Trading company","potentialAction":[{"@type":"SearchAction","target":{"@type":"EntryPoint","urlTemplate":"https:\/\/dibapart.net\/?s={search_term_string}"},"query-input":"required name=search_term_string"}],"inLanguage":"de"}]}},"_links":{"self":[{"href":"https:\/\/dibapart.net\/de\/wp-json\/wp\/v2\/pages\/9717","targetHints":{"allow":["GET"]}}],"collection":[{"href":"https:\/\/dibapart.net\/de\/wp-json\/wp\/v2\/pages"}],"about":[{"href":"https:\/\/dibapart.net\/de\/wp-json\/wp\/v2\/types\/page"}],"author":[{"embeddable":true,"href":"https:\/\/dibapart.net\/de\/wp-json\/wp\/v2\/users\/1"}],"replies":[{"embeddable":true,"href":"https:\/\/dibapart.net\/de\/wp-json\/wp\/v2\/comments?post=9717"}],"version-history":[{"count":0,"href":"https:\/\/dibapart.net\/de\/wp-json\/wp\/v2\/pages\/9717\/revisions"}],"wp:attachment":[{"href":"https:\/\/dibapart.net\/de\/wp-json\/wp\/v2\/media?parent=9717"}],"curies":[{"name":"wp","href":"https:\/\/api.w.org\/{rel}","templated":true}]}}