{"id":596,"date":"2022-01-14T18:36:35","date_gmt":"2022-01-14T18:36:35","guid":{"rendered":"http:\/\/dibapart.net\/?page_id=596"},"modified":"2022-01-29T17:59:27","modified_gmt":"2022-01-29T17:59:27","slug":"about-us","status":"publish","type":"page","link":"https:\/\/dibapart.net\/de\/about-us\/","title":{"rendered":"\u00dcber uns"},"content":{"rendered":"<div data-elementor-type=\"wp-page\" data-elementor-id=\"596\" class=\"elementor elementor-596\">\n\t\t\t\t\t\t<div class=\"elementor-inner\">\n\t\t\t\t<div class=\"elementor-section-wrap\">\n\t\t\t\t\t\t\t\t\t<section class=\"elementor-section elementor-top-section elementor-element elementor-element-84373e1 elementor-section-full_width elementor-section-stretched elementor-section-height-default elementor-section-height-default\" data-id=\"84373e1\" data-element_type=\"section\" data-settings=\"{&quot;stretch_section&quot;:&quot;section-stretched&quot;,&quot;_ha_eqh_enable&quot;:false}\">\n\t\t\t\t\t\t<div class=\"elementor-container elementor-column-gap-default\">\n\t\t\t\t\t\t\t<div class=\"elementor-row\">\n\t\t\t\t\t<div class=\"elementor-column elementor-col-100 elementor-top-column elementor-element elementor-element-e7a42aa\" data-id=\"e7a42aa\" data-element_type=\"column\">\n\t\t\t<div class=\"elementor-column-wrap elementor-element-populated\">\n\t\t\t\t\t\t\t<div class=\"elementor-widget-wrap\">\n\t\t\t\t\t\t<div class=\"elementor-element elementor-element-6a79c44 elementor-widget elementor-widget-image\" data-id=\"6a79c44\" data-element_type=\"widget\" data-widget_type=\"image.default\">\n\t\t\t\t<div class=\"elementor-widget-container\">\n\t\t\t<style>\/*! elementor - v3.17.0 - 25-10-2023 *\/\n.elementor-widget-image{text-align:center}.elementor-widget-image a{display:inline-block}.elementor-widget-image a img[src$=\".svg\"]{width:48px}.elementor-widget-image img{vertical-align:middle;display:inline-block}<\/style>\t\t\t\t\t<div class=\"elementor-image\">\n\t\t\t\t\t\t\t\t\t\t\t\t<img loading=\"lazy\" decoding=\"async\" width=\"1920\" height=\"880\" src=\"https:\/\/dibapart.net\/wp-content\/uploads\/2022\/01\/1.jpg\" class=\"attachment-full size-full wp-image-10383\" alt=\"\" srcset=\"https:\/\/dibapart.net\/wp-content\/uploads\/2022\/01\/1.jpg 1920w, https:\/\/dibapart.net\/wp-content\/uploads\/2022\/01\/1-300x138.jpg 300w, https:\/\/dibapart.net\/wp-content\/uploads\/2022\/01\/1-1030x472.jpg 1030w, https:\/\/dibapart.net\/wp-content\/uploads\/2022\/01\/1-768x352.jpg 768w, https:\/\/dibapart.net\/wp-content\/uploads\/2022\/01\/1-1536x704.jpg 1536w, https:\/\/dibapart.net\/wp-content\/uploads\/2022\/01\/1-480x220.jpg 480w\" sizes=\"auto, (max-width: 1920px) 100vw, 1920px\" title=\"\" \/>\t\t\t\t\t\t\t\t\t\t\t\t\t\t<\/div>\n\t\t\t\t\t\t<\/div>\n\t\t\t\t<\/div>\n\t\t\t\t\t\t<\/div>\n\t\t\t\t\t<\/div>\n\t\t<\/div>\n\t\t\t\t\t\t\t\t<\/div>\n\t\t\t\t\t<\/div>\n\t\t<\/section>\n\t\t\t\t<section class=\"elementor-section elementor-top-section elementor-element elementor-element-650eace elementor-section-full_width elementor-section-height-default elementor-section-height-default\" data-id=\"650eace\" data-element_type=\"section\" data-settings=\"{&quot;_ha_eqh_enable&quot;:false}\">\n\t\t\t\t\t\t<div class=\"elementor-container elementor-column-gap-default\">\n\t\t\t\t\t\t\t<div class=\"elementor-row\">\n\t\t\t\t\t<div class=\"elementor-column elementor-col-100 elementor-top-column elementor-element elementor-element-32f81f7\" data-id=\"32f81f7\" data-element_type=\"column\">\n\t\t\t<div class=\"elementor-column-wrap elementor-element-populated\">\n\t\t\t\t\t\t\t<div class=\"elementor-widget-wrap\">\n\t\t\t\t\t\t<div class=\"elementor-element elementor-element-017624d elementor-widget elementor-widget-text-editor\" data-id=\"017624d\" data-element_type=\"widget\" data-widget_type=\"text-editor.default\">\n\t\t\t\t<div class=\"elementor-widget-container\">\n\t\t\t<style>\/*! elementor - v3.17.0 - 25-10-2023 *\/\n.elementor-widget-text-editor.elementor-drop-cap-view-stacked .elementor-drop-cap{background-color:#69727d;color:#fff}.elementor-widget-text-editor.elementor-drop-cap-view-framed .elementor-drop-cap{color:#69727d;border:3px solid;background-color:transparent}.elementor-widget-text-editor:not(.elementor-drop-cap-view-default) .elementor-drop-cap{margin-top:8px}.elementor-widget-text-editor:not(.elementor-drop-cap-view-default) .elementor-drop-cap-letter{width:1em;height:1em}.elementor-widget-text-editor .elementor-drop-cap{float:left;text-align:center;line-height:1;font-size:50px}.elementor-widget-text-editor .elementor-drop-cap-letter{display:inline-block}<\/style>\t\t\t\t\t<div class=\"elementor-text-editor elementor-clearfix\">\n\t\t\t\t<p style=\"text-align: justify;\" class=\" translation-block\">Diba Part Co. wurde im Jahr 2013 gegr\u00fcndet und ist einer der f\u00fchrenden Zulieferer und Handelsunternehmen mit technischen L\u00f6sungen f\u00fcr eine breite Palette mechanischer Produkte, darunter Zahnr\u00e4der, Ventile, Pumpen, Antriebe, Elektromotoren, Generatoren, Kupplungen und Wellen, Instrumente, Sender\/ Wandler und alle Arten von mechanischen Ersatzteilen in ganz Europa und Mitteleuropa. <a href=\"http:\/\/dibapart.net\/services-and-solutions\/\" target=\"_self\">Weitere Informationen<\/a><\/p><p style=\"text-align: justify;\">Wir unterst\u00fctzen Ihre Bed\u00fcrfnisse in folgenden Branchen: \u00d6l, Gas und Erd\u00f6l, Stahl, Bau- und Konstruktionsmaterialien, Zement, Maschinen und verwandte Unterindustrien. Der entscheidende Punkt f\u00fcr Kosteneinsparungen und die Verbesserung von Produktions-\/Prozessanlagen ist die zertifizierte Qualit\u00e4t, Lebensdauer und Standards der Ausr\u00fcstung in diesen Branchen. Wir werden versuchen, Ihnen hinsichtlich Qualit\u00e4t und Budget eine breite Produktpalette anzubieten. Bitte schauen Sie sich unsere L\u00f6sungen an, um die Schritte zu finden, die Ihnen weiterhelfen.<\/p>\t\t\t\t\t<\/div>\n\t\t\t\t\t\t<\/div>\n\t\t\t\t<\/div>\n\t\t\t\t\t\t<\/div>\n\t\t\t\t\t<\/div>\n\t\t<\/div>\n\t\t\t\t\t\t\t\t<\/div>\n\t\t\t\t\t<\/div>\n\t\t<\/section>\n\t\t\t\t\t\t\t\t\t<\/div>\n\t\t\t<\/div>\n\t\t\t\t\t<\/div>","protected":false},"excerpt":{"rendered":"<p>Diba Part Co. established in the year 2013 is one of the leading suppliers and Trading companies by engineering solutions of a wide range of Mechanical products including Gears, Valves, Pumps, Drives, electric motors, generators, Couplings and Shafts, instruments, transmitter\/Transducers, and all types of Mechanical spare parts across the Europe and M.E. Learn more We [&hellip;]<\/p>","protected":false},"author":1,"featured_media":0,"parent":0,"menu_order":0,"comment_status":"closed","ping_status":"closed","template":"elementor_header_footer","meta":{"footnotes":""},"class_list":["post-596","page","type-page","status-publish","hentry"],"yoast_head":"<!-- This site is optimized with the Yoast SEO Premium plugin v20.8 (Yoast SEO v20.9) - https:\/\/yoast.com\/wordpress\/plugins\/seo\/ -->\n<title>About us - Dibapart<\/title>\n<meta name=\"robots\" content=\"index, follow, max-snippet:-1, max-image-preview:large, max-video-preview:-1\" \/>\n<link rel=\"canonical\" href=\"https:\/\/dibapart.net\/de\/about-us\/\" \/>\n<meta property=\"og:locale\" content=\"de_DE\" \/>\n<meta property=\"og:type\" content=\"article\" \/>\n<meta property=\"og:title\" content=\"About us\" \/>\n<meta property=\"og:description\" content=\"Diba Part Co. established in the year 2013 is one of the leading suppliers and Trading companies by engineering solutions of a wide range of Mechanical products including Gears, Valves, Pumps, Drives, electric motors, generators, Couplings and Shafts, instruments, transmitter\/Transducers, and all types of Mechanical spare parts across the Europe and M.E. Learn more We [&hellip;]\" \/>\n<meta property=\"og:url\" content=\"https:\/\/dibapart.net\/de\/about-us\/\" \/>\n<meta property=\"og:site_name\" content=\"Dibapart\" \/>\n<meta property=\"article:modified_time\" content=\"2022-01-29T17:59:27+00:00\" \/>\n<meta property=\"og:image\" content=\"http:\/\/dibapart.net\/wp-content\/uploads\/2022\/01\/1.jpg\" \/>\n<meta name=\"twitter:card\" content=\"summary_large_image\" \/>\n<meta name=\"twitter:label1\" content=\"Gesch\u00e4tzte Lesezeit\" \/>\n\t<meta name=\"twitter:data1\" content=\"1\u00a0Minute\" \/>\n<script type=\"application\/ld+json\" class=\"yoast-schema-graph\">{\"@context\":\"https:\/\/schema.org\",\"@graph\":[{\"@type\":\"WebPage\",\"@id\":\"https:\/\/dibapart.net\/about-us\/\",\"url\":\"https:\/\/dibapart.net\/about-us\/\",\"name\":\"About us - Dibapart\",\"isPartOf\":{\"@id\":\"https:\/\/dibapart.net\/#website\"},\"datePublished\":\"2022-01-14T18:36:35+00:00\",\"dateModified\":\"2022-01-29T17:59:27+00:00\",\"breadcrumb\":{\"@id\":\"https:\/\/dibapart.net\/about-us\/#breadcrumb\"},\"inLanguage\":\"de\",\"potentialAction\":[{\"@type\":\"ReadAction\",\"target\":[\"https:\/\/dibapart.net\/about-us\/\"]}]},{\"@type\":\"BreadcrumbList\",\"@id\":\"https:\/\/dibapart.net\/about-us\/#breadcrumb\",\"itemListElement\":[{\"@type\":\"ListItem\",\"position\":1,\"name\":\"Home\",\"item\":\"https:\/\/dibapart.net\/\"},{\"@type\":\"ListItem\",\"position\":2,\"name\":\"About us\"}]},{\"@type\":\"WebSite\",\"@id\":\"https:\/\/dibapart.net\/#website\",\"url\":\"https:\/\/dibapart.net\/\",\"name\":\"Dibapart\",\"description\":\"engineering and Trading company\",\"potentialAction\":[{\"@type\":\"SearchAction\",\"target\":{\"@type\":\"EntryPoint\",\"urlTemplate\":\"https:\/\/dibapart.net\/?s={search_term_string}\"},\"query-input\":\"required name=search_term_string\"}],\"inLanguage\":\"de\"}]}<\/script>\n<!-- \/ Yoast SEO Premium plugin. -->","yoast_head_json":{"title":"About us - Dibapart","robots":{"index":"index","follow":"follow","max-snippet":"max-snippet:-1","max-image-preview":"max-image-preview:large","max-video-preview":"max-video-preview:-1"},"canonical":"https:\/\/dibapart.net\/de\/about-us\/","og_locale":"de_DE","og_type":"article","og_title":"About us","og_description":"Diba Part Co. established in the year 2013 is one of the leading suppliers and Trading companies by engineering solutions of a wide range of Mechanical products including Gears, Valves, Pumps, Drives, electric motors, generators, Couplings and Shafts, instruments, transmitter\/Transducers, and all types of Mechanical spare parts across the Europe and M.E. Learn more We [&hellip;]","og_url":"https:\/\/dibapart.net\/de\/about-us\/","og_site_name":"Dibapart","article_modified_time":"2022-01-29T17:59:27+00:00","og_image":[{"url":"http:\/\/dibapart.net\/wp-content\/uploads\/2022\/01\/1.jpg"}],"twitter_card":"summary_large_image","twitter_misc":{"Gesch\u00e4tzte Lesezeit":"1\u00a0Minute"},"schema":{"@context":"https:\/\/schema.org","@graph":[{"@type":"WebPage","@id":"https:\/\/dibapart.net\/about-us\/","url":"https:\/\/dibapart.net\/about-us\/","name":"About us - Dibapart","isPartOf":{"@id":"https:\/\/dibapart.net\/#website"},"datePublished":"2022-01-14T18:36:35+00:00","dateModified":"2022-01-29T17:59:27+00:00","breadcrumb":{"@id":"https:\/\/dibapart.net\/about-us\/#breadcrumb"},"inLanguage":"de","potentialAction":[{"@type":"ReadAction","target":["https:\/\/dibapart.net\/about-us\/"]}]},{"@type":"BreadcrumbList","@id":"https:\/\/dibapart.net\/about-us\/#breadcrumb","itemListElement":[{"@type":"ListItem","position":1,"name":"Home","item":"https:\/\/dibapart.net\/"},{"@type":"ListItem","position":2,"name":"About us"}]},{"@type":"WebSite","@id":"https:\/\/dibapart.net\/#website","url":"https:\/\/dibapart.net\/","name":"Dibapart","description":"engineering and Trading company","potentialAction":[{"@type":"SearchAction","target":{"@type":"EntryPoint","urlTemplate":"https:\/\/dibapart.net\/?s={search_term_string}"},"query-input":"required name=search_term_string"}],"inLanguage":"de"}]}},"_links":{"self":[{"href":"https:\/\/dibapart.net\/de\/wp-json\/wp\/v2\/pages\/596","targetHints":{"allow":["GET"]}}],"collection":[{"href":"https:\/\/dibapart.net\/de\/wp-json\/wp\/v2\/pages"}],"about":[{"href":"https:\/\/dibapart.net\/de\/wp-json\/wp\/v2\/types\/page"}],"author":[{"embeddable":true,"href":"https:\/\/dibapart.net\/de\/wp-json\/wp\/v2\/users\/1"}],"replies":[{"embeddable":true,"href":"https:\/\/dibapart.net\/de\/wp-json\/wp\/v2\/comments?post=596"}],"version-history":[{"count":0,"href":"https:\/\/dibapart.net\/de\/wp-json\/wp\/v2\/pages\/596\/revisions"}],"wp:attachment":[{"href":"https:\/\/dibapart.net\/de\/wp-json\/wp\/v2\/media?parent=596"}],"curies":[{"name":"wp","href":"https:\/\/api.w.org\/{rel}","templated":true}]}}