{"id":575,"date":"2022-01-14T10:00:46","date_gmt":"2022-01-14T10:00:46","guid":{"rendered":"http:\/\/dibapart.net\/?page_id=575"},"modified":"2022-01-30T17:28:07","modified_gmt":"2022-01-30T17:28:07","slug":"services-and-solutions","status":"publish","type":"page","link":"https:\/\/dibapart.net\/de\/services-and-solutions\/","title":{"rendered":"services and solutions"},"content":{"rendered":"<div data-elementor-type=\"wp-page\" data-elementor-id=\"575\" class=\"elementor elementor-575\">\n\t\t\t\t\t\t<div class=\"elementor-inner\">\n\t\t\t\t<div class=\"elementor-section-wrap\">\n\t\t\t\t\t\t\t\t\t<section class=\"elementor-section elementor-top-section elementor-element elementor-element-770bc04 elementor-section-full_width elementor-section-height-default elementor-section-height-default\" data-id=\"770bc04\" data-element_type=\"section\" data-settings=\"{&quot;_ha_eqh_enable&quot;:false}\">\n\t\t\t\t\t\t<div class=\"elementor-container elementor-column-gap-default\">\n\t\t\t\t\t\t\t<div class=\"elementor-row\">\n\t\t\t\t\t<div class=\"elementor-column elementor-col-100 elementor-top-column elementor-element elementor-element-e08ba8c\" data-id=\"e08ba8c\" data-element_type=\"column\">\n\t\t\t<div class=\"elementor-column-wrap elementor-element-populated\">\n\t\t\t\t\t\t\t<div class=\"elementor-widget-wrap\">\n\t\t\t\t\t\t<div class=\"elementor-element elementor-element-87c6db8 elementor-widget elementor-widget-image\" data-id=\"87c6db8\" data-element_type=\"widget\" data-widget_type=\"image.default\">\n\t\t\t\t<div class=\"elementor-widget-container\">\n\t\t\t<style>\/*! elementor - v3.17.0 - 25-10-2023 *\/\n.elementor-widget-image{text-align:center}.elementor-widget-image a{display:inline-block}.elementor-widget-image a img[src$=\".svg\"]{width:48px}.elementor-widget-image img{vertical-align:middle;display:inline-block}<\/style>\t\t\t\t\t<div class=\"elementor-image\">\n\t\t\t\t\t\t\t\t\t\t\t\t<img loading=\"lazy\" decoding=\"async\" width=\"1920\" height=\"880\" src=\"https:\/\/dibapart.net\/wp-content\/uploads\/2022\/01\/3-1.jpg\" class=\"attachment-full size-full wp-image-10385\" alt=\"\" srcset=\"https:\/\/dibapart.net\/wp-content\/uploads\/2022\/01\/3-1.jpg 1920w, https:\/\/dibapart.net\/wp-content\/uploads\/2022\/01\/3-1-300x138.jpg 300w, https:\/\/dibapart.net\/wp-content\/uploads\/2022\/01\/3-1-1030x472.jpg 1030w, https:\/\/dibapart.net\/wp-content\/uploads\/2022\/01\/3-1-768x352.jpg 768w, https:\/\/dibapart.net\/wp-content\/uploads\/2022\/01\/3-1-1536x704.jpg 1536w, https:\/\/dibapart.net\/wp-content\/uploads\/2022\/01\/3-1-480x220.jpg 480w\" sizes=\"auto, (max-width: 1920px) 100vw, 1920px\" title=\"\" \/>\t\t\t\t\t\t\t\t\t\t\t\t\t\t<\/div>\n\t\t\t\t\t\t<\/div>\n\t\t\t\t<\/div>\n\t\t\t\t\t\t<\/div>\n\t\t\t\t\t<\/div>\n\t\t<\/div>\n\t\t\t\t\t\t\t\t<\/div>\n\t\t\t\t\t<\/div>\n\t\t<\/section>\n\t\t\t\t<section class=\"elementor-section elementor-top-section elementor-element elementor-element-92fb8d9 elementor-section-full_width elementor-section-height-default elementor-section-height-default\" data-id=\"92fb8d9\" data-element_type=\"section\" data-settings=\"{&quot;_ha_eqh_enable&quot;:false}\">\n\t\t\t\t\t\t<div class=\"elementor-container elementor-column-gap-default\">\n\t\t\t\t\t\t\t<div class=\"elementor-row\">\n\t\t\t\t\t<div class=\"elementor-column elementor-col-100 elementor-top-column elementor-element elementor-element-d5c8a62\" data-id=\"d5c8a62\" data-element_type=\"column\">\n\t\t\t<div class=\"elementor-column-wrap elementor-element-populated\">\n\t\t\t\t\t\t\t<div class=\"elementor-widget-wrap\">\n\t\t\t\t\t\t<div class=\"elementor-element elementor-element-2e07b2b elementor-widget elementor-widget-text-editor\" data-id=\"2e07b2b\" data-element_type=\"widget\" data-widget_type=\"text-editor.default\">\n\t\t\t\t<div class=\"elementor-widget-container\">\n\t\t\t<style>\/*! elementor - v3.17.0 - 25-10-2023 *\/\n.elementor-widget-text-editor.elementor-drop-cap-view-stacked .elementor-drop-cap{background-color:#69727d;color:#fff}.elementor-widget-text-editor.elementor-drop-cap-view-framed .elementor-drop-cap{color:#69727d;border:3px solid;background-color:transparent}.elementor-widget-text-editor:not(.elementor-drop-cap-view-default) .elementor-drop-cap{margin-top:8px}.elementor-widget-text-editor:not(.elementor-drop-cap-view-default) .elementor-drop-cap-letter{width:1em;height:1em}.elementor-widget-text-editor .elementor-drop-cap{float:left;text-align:center;line-height:1;font-size:50px}.elementor-widget-text-editor .elementor-drop-cap-letter{display:inline-block}<\/style>\t\t\t\t\t<div class=\"elementor-text-editor elementor-clearfix\">\n\t\t\t\t<p dir=\"ltr\" style=\"text-align: justify;\">Wir unterst\u00fctzen Ihre Bed\u00fcrfnisse in folgenden Branchen: \u00d6l, Gas und Erd\u00f6l, Stahl, Bau- und Konstruktionsmaterialien, Zement, Maschinen und verwandte Unterindustrien. Der entscheidende Punkt f\u00fcr Kosteneinsparungen und die Verbesserung von Produktions-\/Prozessanlagen ist die zertifizierte Qualit\u00e4t, Lebensdauer und Standards der Ausr\u00fcstung in diesen Branchen. Wir werden versuchen, Ihnen hinsichtlich Qualit\u00e4t und Budget eine breite Produktpalette anzubieten. Bitte schauen Sie sich unsere L\u00f6sungen an, um die Schritte zu finden, die Ihnen weiterhelfen.<\/p><p dir=\"ltr\" style=\"text-align: justify;\" class=\" translation-block\">Aufgrund unserer Erfahrung und unseres Beitrags zu erfolgreichen Beschaffungsunternehmen k\u00f6nnen wir alle namhaften Unternehmen verschiedener Branchen einladen, mit uns bei der <strong>Engineering, Beschaffung und Konstruktion<\/strong> (<strong>EPC)<\/strong> ihrer Projekte zusammenzuarbeiten<\/p>\t\t\t\t\t<\/div>\n\t\t\t\t\t\t<\/div>\n\t\t\t\t<\/div>\n\t\t\t\t<div class=\"elementor-element elementor-element-2957f9a vertical_style-2 chess_board-yes elementor-widget elementor-widget-gt3-core-processbar\" data-id=\"2957f9a\" data-element_type=\"widget\" data-widget_type=\"gt3-core-processbar.default\">\n\t\t\t\t<div class=\"elementor-widget-container\">\n\t\t\t<div class=\"gt3_process_bar_container row gt3_process_bar_container--type-vertical\"><div class=\"gt3_process_item span12 elementor-repeater-item-2127e59\"><div class=\"gt3_process_item__number\"><\/div><div class=\"gt3_process_item__circle_wrapp\">\r\n\t\t\t<div class=\"gt3_process_item__circle_line_before\"><\/div>\r\n\t\t\t<div class=\"gt3_process_item__circle gt3_process_item__circle--size_mini\"><\/div>\r\n\t\t\t<div class=\"gt3_process_item__circle_line_after\"><\/div>\r\n\t\t\t<\/div><div class=\"gt3_process_item__content\"><div class=\"gt3_process_item__content_wrapper\"><div class=\"gt3_process_item__heading\"><h3>Wir k\u00f6nnen verstehen, was Sie brauchen<\/h3><\/div><div class=\"gt3_process_item__description\">Da wir seit fast einem Jahrzehnt erfolgreich unsere Kunden in verschiedenen Branchen bedienen, sind wir in der Lage, Ihre technischen Anforderungen zu verstehen.<\/div><\/div><\/div><\/div><div class=\"gt3_process_item span12 elementor-repeater-item-7680693\"><div class=\"gt3_process_item__number\"><\/div><div class=\"gt3_process_item__circle_wrapp\">\r\n\t\t\t<div class=\"gt3_process_item__circle_line_before\"><\/div>\r\n\t\t\t<div class=\"gt3_process_item__circle gt3_process_item__circle--size_mini\"><\/div>\r\n\t\t\t<div class=\"gt3_process_item__circle_line_after\"><\/div>\r\n\t\t\t<\/div><div class=\"gt3_process_item__content\"><div class=\"gt3_process_item__content_wrapper\"><div class=\"gt3_process_item__heading\"><h3>Wir k\u00f6nnen Ihnen das bieten, was Sie ben\u00f6tigen<\/h3><\/div><div class=\"gt3_process_item__description\">Durch unsere Beziehungen und Interaktionen mit einem breiten Netzwerk von Herstellern und Lieferanten in ganz Europa, Mittel- und Ostasien versuchen wir, die besten Angebote f\u00fcr Sie in Bezug auf Qualit\u00e4t, Preis und Lieferzeit zu finden<\/div><\/div><\/div><\/div><div class=\"gt3_process_item span12 elementor-repeater-item-29e0a99\"><div class=\"gt3_process_item__number\"><\/div><div class=\"gt3_process_item__circle_wrapp\">\r\n\t\t\t<div class=\"gt3_process_item__circle_line_before\"><\/div>\r\n\t\t\t<div class=\"gt3_process_item__circle gt3_process_item__circle--size_mini\"><\/div>\r\n\t\t\t<div class=\"gt3_process_item__circle_line_after\"><\/div>\r\n\t\t\t<\/div><div class=\"gt3_process_item__content\"><div class=\"gt3_process_item__content_wrapper\"><div class=\"gt3_process_item__heading\"><h3>Wir k\u00f6nnen Ihnen die Teile zum angegebenen Lieferzeitpunkt zusenden<\/h3><\/div><div class=\"gt3_process_item__description\">Wir k\u00f6nnen mit den Herstellern die beste Lieferzeit und den besten Liefertermin vereinbaren. Neben internationalen Lieferanten k\u00f6nnen wir Ihre Anfrage auch \u00fcber interne M\u00e4rkte und Hersteller am schnellsten bearbeiten.<\/div><\/div><\/div><\/div><div class=\"gt3_process_item span12 elementor-repeater-item-50cdc47\"><div class=\"gt3_process_item__number\"><\/div><div class=\"gt3_process_item__circle_wrapp\">\r\n\t\t\t<div class=\"gt3_process_item__circle_line_before\"><\/div>\r\n\t\t\t<div class=\"gt3_process_item__circle gt3_process_item__circle--size_mini\"><\/div>\r\n\t\t\t<div class=\"gt3_process_item__circle_line_after\"><\/div>\r\n\t\t\t<\/div><div class=\"gt3_process_item__content\"><div class=\"gt3_process_item__content_wrapper\"><div class=\"gt3_process_item__heading\"><h3>Wir k\u00f6nnen die gew\u00fcnschten Produkte dorthin versenden und importieren, wo Sie sich befinden <\/h3><\/div><div class=\"gt3_process_item__description\">Mit unserer Erfahrung im Import und der Abfertigung von Produkten. In dieser Hinsicht besteht kein Grund zur Sorge.<\/div><\/div><\/div><\/div><div class=\"gt3_process_item span12 elementor-repeater-item-3cfba7c\"><div class=\"gt3_process_item__number\"><\/div><div class=\"gt3_process_item__circle_wrapp\">\r\n\t\t\t<div class=\"gt3_process_item__circle_line_before\"><\/div>\r\n\t\t\t<div class=\"gt3_process_item__circle gt3_process_item__circle--size_small\"><\/div>\r\n\t\t\t<div class=\"gt3_process_item__circle_line_after\"><\/div>\r\n\t\t\t<\/div><div class=\"gt3_process_item__content\"><div class=\"gt3_process_item__content_wrapper\"><div class=\"gt3_process_item__heading\"><h3>Wir k\u00f6nnen Ihnen Qualit\u00e4tszertifikate und Dokumente ausstellen<\/h3><\/div><div class=\"gt3_process_item__description\">Unsere Arbeitsabl\u00e4ufe sind herstellerseitig zertifiziert. Alle erforderlichen Unterlagen werden vom Hersteller\/Lieferanten zusammengestellt und Ihnen vorgelegt.<\/div><\/div><\/div><\/div><div class=\"gt3_process_item span12 elementor-repeater-item-09c7f65\"><div class=\"gt3_process_item__number\"><\/div><div class=\"gt3_process_item__circle_wrapp\">\r\n\t\t\t<div class=\"gt3_process_item__circle_line_before\"><\/div>\r\n\t\t\t<div class=\"gt3_process_item__circle gt3_process_item__circle--size_small\"><\/div>\r\n\t\t\t<div class=\"gt3_process_item__circle_line_after\"><\/div>\r\n\t\t\t<\/div><div class=\"gt3_process_item__content\"><div class=\"gt3_process_item__content_wrapper\"><div class=\"gt3_process_item__heading\"><h3>Kundendienst- und Betriebsdienstleistungen<\/h3><\/div><div class=\"gt3_process_item__description\">Im Rahmen unserer EPC-Dienstleistungen werden die Beschaffung und der Bau Ihres Projekts von unseren Experten und unserem Team gem\u00e4\u00df Ihren erforderlichen Bedingungen und Konditionen abgewickelt.<\/div><\/div><\/div><\/div><\/div>\t\t<\/div>\n\t\t\t\t<\/div>\n\t\t\t\t\t\t<\/div>\n\t\t\t\t\t<\/div>\n\t\t<\/div>\n\t\t\t\t\t\t\t\t<\/div>\n\t\t\t\t\t<\/div>\n\t\t<\/section>\n\t\t\t\t<section class=\"elementor-section elementor-top-section elementor-element elementor-element-c794004 cloud_animated_bottom elementor-section-boxed elementor-section-height-default elementor-section-height-default\" data-id=\"c794004\" data-element_type=\"section\" data-settings=\"{&quot;background_background&quot;:&quot;classic&quot;,&quot;_ha_eqh_enable&quot;:false}\">\n\t\t\t\t\t\t\t<div class=\"elementor-background-overlay\"><\/div>\n\t\t\t\t\t\t\t<div class=\"elementor-container elementor-column-gap-default\">\n\t\t\t\t\t\t\t<div class=\"elementor-row\">\n\t\t\t\t\t<div class=\"elementor-column elementor-col-100 elementor-top-column elementor-element elementor-element-919cf40\" data-id=\"919cf40\" data-element_type=\"column\">\n\t\t\t<div class=\"elementor-column-wrap elementor-element-populated\">\n\t\t\t\t\t\t\t<div class=\"elementor-widget-wrap\">\n\t\t\t\t\t\t<div class=\"elementor-element elementor-element-ba2e2b3 elementor-widget elementor-widget-spacer\" data-id=\"ba2e2b3\" data-element_type=\"widget\" data-widget_type=\"spacer.default\">\n\t\t\t\t<div class=\"elementor-widget-container\">\n\t\t\t<style>\/*! elementor - v3.17.0 - 25-10-2023 *\/\n.elementor-column .elementor-spacer-inner{height:var(--spacer-size)}.e-con{--container-widget-width:100%}.e-con-inner>.elementor-widget-spacer,.e-con>.elementor-widget-spacer{width:var(--container-widget-width,var(--spacer-size));--align-self:var(--container-widget-align-self,initial);--flex-shrink:0}.e-con-inner>.elementor-widget-spacer>.elementor-widget-container,.e-con>.elementor-widget-spacer>.elementor-widget-container{height:100%;width:100%}.e-con-inner>.elementor-widget-spacer>.elementor-widget-container>.elementor-spacer,.e-con>.elementor-widget-spacer>.elementor-widget-container>.elementor-spacer{height:100%}.e-con-inner>.elementor-widget-spacer>.elementor-widget-container>.elementor-spacer>.elementor-spacer-inner,.e-con>.elementor-widget-spacer>.elementor-widget-container>.elementor-spacer>.elementor-spacer-inner{height:var(--container-widget-height,var(--spacer-size))}.e-con-inner>.elementor-widget-spacer.elementor-widget-empty,.e-con>.elementor-widget-spacer.elementor-widget-empty{position:relative;min-height:22px;min-width:22px}.e-con-inner>.elementor-widget-spacer.elementor-widget-empty .elementor-widget-empty-icon,.e-con>.elementor-widget-spacer.elementor-widget-empty .elementor-widget-empty-icon{position:absolute;top:0;bottom:0;left:0;right:0;margin:auto;padding:0;width:22px;height:22px}<\/style>\t\t<div class=\"elementor-spacer\">\n\t\t\t<div class=\"elementor-spacer-inner\"><\/div>\n\t\t<\/div>\n\t\t\t\t<\/div>\n\t\t\t\t<\/div>\n\t\t\t\t<div class=\"elementor-element elementor-element-819be73 elementor-widget elementor-widget-spacer\" data-id=\"819be73\" data-element_type=\"widget\" data-widget_type=\"spacer.default\">\n\t\t\t\t<div class=\"elementor-widget-container\">\n\t\t\t\t\t<div class=\"elementor-spacer\">\n\t\t\t<div class=\"elementor-spacer-inner\"><\/div>\n\t\t<\/div>\n\t\t\t\t<\/div>\n\t\t\t\t<\/div>\n\t\t\t\t\t\t<\/div>\n\t\t\t\t\t<\/div>\n\t\t<\/div>\n\t\t\t\t\t\t\t\t<\/div>\n\t\t\t\t\t<\/div>\n\t\t<\/section>\n\t\t\t\t\t\t\t\t\t<\/div>\n\t\t\t<\/div>\n\t\t\t\t\t<\/div>","protected":false},"excerpt":{"rendered":"<p>We support your needs in industries: Oil, Gas and petroleum, steel, building and construction materials, Cement, machinery, and related sub-industries. Key-point for saving costs and improving production\/Process plants is certified quality, life, and standards of equipment in these industries. We will try to offer you a wide range of products in terms of quality and [&hellip;]<\/p>","protected":false},"author":1,"featured_media":0,"parent":0,"menu_order":0,"comment_status":"closed","ping_status":"closed","template":"elementor_header_footer","meta":{"footnotes":""},"class_list":["post-575","page","type-page","status-publish","hentry"],"yoast_head":"<!-- This site is optimized with the Yoast SEO Premium plugin v20.8 (Yoast SEO v20.9) - https:\/\/yoast.com\/wordpress\/plugins\/seo\/ -->\n<title>services and solutions - Dibapart<\/title>\n<meta name=\"robots\" content=\"index, follow, max-snippet:-1, max-image-preview:large, max-video-preview:-1\" \/>\n<link rel=\"canonical\" href=\"https:\/\/dibapart.net\/de\/services-and-solutions\/\" \/>\n<meta property=\"og:locale\" content=\"de_DE\" \/>\n<meta property=\"og:type\" content=\"article\" \/>\n<meta property=\"og:title\" content=\"services and solutions\" \/>\n<meta property=\"og:description\" content=\"We support your needs in industries: Oil, Gas and petroleum, steel, building and construction materials, Cement, machinery, and related sub-industries. Key-point for saving costs and improving production\/Process plants is certified quality, life, and standards of equipment in these industries. We will try to offer you a wide range of products in terms of quality and [&hellip;]\" \/>\n<meta property=\"og:url\" content=\"https:\/\/dibapart.net\/de\/services-and-solutions\/\" \/>\n<meta property=\"og:site_name\" content=\"Dibapart\" \/>\n<meta property=\"article:modified_time\" content=\"2022-01-30T17:28:07+00:00\" \/>\n<meta property=\"og:image\" content=\"http:\/\/dibapart.net\/wp-content\/uploads\/2022\/01\/3-1.jpg\" \/>\n<meta name=\"twitter:card\" content=\"summary_large_image\" \/>\n<meta name=\"twitter:label1\" content=\"Gesch\u00e4tzte Lesezeit\" \/>\n\t<meta name=\"twitter:data1\" content=\"2\u00a0Minuten\" \/>\n<script type=\"application\/ld+json\" class=\"yoast-schema-graph\">{\"@context\":\"https:\/\/schema.org\",\"@graph\":[{\"@type\":\"WebPage\",\"@id\":\"https:\/\/dibapart.net\/services-and-solutions\/\",\"url\":\"https:\/\/dibapart.net\/services-and-solutions\/\",\"name\":\"services and solutions - Dibapart\",\"isPartOf\":{\"@id\":\"https:\/\/dibapart.net\/#website\"},\"datePublished\":\"2022-01-14T10:00:46+00:00\",\"dateModified\":\"2022-01-30T17:28:07+00:00\",\"breadcrumb\":{\"@id\":\"https:\/\/dibapart.net\/services-and-solutions\/#breadcrumb\"},\"inLanguage\":\"de\",\"potentialAction\":[{\"@type\":\"ReadAction\",\"target\":[\"https:\/\/dibapart.net\/services-and-solutions\/\"]}]},{\"@type\":\"BreadcrumbList\",\"@id\":\"https:\/\/dibapart.net\/services-and-solutions\/#breadcrumb\",\"itemListElement\":[{\"@type\":\"ListItem\",\"position\":1,\"name\":\"Home\",\"item\":\"https:\/\/dibapart.net\/\"},{\"@type\":\"ListItem\",\"position\":2,\"name\":\"services and solutions\"}]},{\"@type\":\"WebSite\",\"@id\":\"https:\/\/dibapart.net\/#website\",\"url\":\"https:\/\/dibapart.net\/\",\"name\":\"Dibapart\",\"description\":\"engineering and Trading company\",\"potentialAction\":[{\"@type\":\"SearchAction\",\"target\":{\"@type\":\"EntryPoint\",\"urlTemplate\":\"https:\/\/dibapart.net\/?s={search_term_string}\"},\"query-input\":\"required name=search_term_string\"}],\"inLanguage\":\"de\"}]}<\/script>\n<!-- \/ Yoast SEO Premium plugin. -->","yoast_head_json":{"title":"services and solutions - Dibapart","robots":{"index":"index","follow":"follow","max-snippet":"max-snippet:-1","max-image-preview":"max-image-preview:large","max-video-preview":"max-video-preview:-1"},"canonical":"https:\/\/dibapart.net\/de\/services-and-solutions\/","og_locale":"de_DE","og_type":"article","og_title":"services and solutions","og_description":"We support your needs in industries: Oil, Gas and petroleum, steel, building and construction materials, Cement, machinery, and related sub-industries. Key-point for saving costs and improving production\/Process plants is certified quality, life, and standards of equipment in these industries. We will try to offer you a wide range of products in terms of quality and [&hellip;]","og_url":"https:\/\/dibapart.net\/de\/services-and-solutions\/","og_site_name":"Dibapart","article_modified_time":"2022-01-30T17:28:07+00:00","og_image":[{"url":"http:\/\/dibapart.net\/wp-content\/uploads\/2022\/01\/3-1.jpg"}],"twitter_card":"summary_large_image","twitter_misc":{"Gesch\u00e4tzte Lesezeit":"2\u00a0Minuten"},"schema":{"@context":"https:\/\/schema.org","@graph":[{"@type":"WebPage","@id":"https:\/\/dibapart.net\/services-and-solutions\/","url":"https:\/\/dibapart.net\/services-and-solutions\/","name":"services and solutions - Dibapart","isPartOf":{"@id":"https:\/\/dibapart.net\/#website"},"datePublished":"2022-01-14T10:00:46+00:00","dateModified":"2022-01-30T17:28:07+00:00","breadcrumb":{"@id":"https:\/\/dibapart.net\/services-and-solutions\/#breadcrumb"},"inLanguage":"de","potentialAction":[{"@type":"ReadAction","target":["https:\/\/dibapart.net\/services-and-solutions\/"]}]},{"@type":"BreadcrumbList","@id":"https:\/\/dibapart.net\/services-and-solutions\/#breadcrumb","itemListElement":[{"@type":"ListItem","position":1,"name":"Home","item":"https:\/\/dibapart.net\/"},{"@type":"ListItem","position":2,"name":"services and solutions"}]},{"@type":"WebSite","@id":"https:\/\/dibapart.net\/#website","url":"https:\/\/dibapart.net\/","name":"Dibapart","description":"engineering and Trading company","potentialAction":[{"@type":"SearchAction","target":{"@type":"EntryPoint","urlTemplate":"https:\/\/dibapart.net\/?s={search_term_string}"},"query-input":"required name=search_term_string"}],"inLanguage":"de"}]}},"_links":{"self":[{"href":"https:\/\/dibapart.net\/de\/wp-json\/wp\/v2\/pages\/575","targetHints":{"allow":["GET"]}}],"collection":[{"href":"https:\/\/dibapart.net\/de\/wp-json\/wp\/v2\/pages"}],"about":[{"href":"https:\/\/dibapart.net\/de\/wp-json\/wp\/v2\/types\/page"}],"author":[{"embeddable":true,"href":"https:\/\/dibapart.net\/de\/wp-json\/wp\/v2\/users\/1"}],"replies":[{"embeddable":true,"href":"https:\/\/dibapart.net\/de\/wp-json\/wp\/v2\/comments?post=575"}],"version-history":[{"count":0,"href":"https:\/\/dibapart.net\/de\/wp-json\/wp\/v2\/pages\/575\/revisions"}],"wp:attachment":[{"href":"https:\/\/dibapart.net\/de\/wp-json\/wp\/v2\/media?parent=575"}],"curies":[{"name":"wp","href":"https:\/\/api.w.org\/{rel}","templated":true}]}}